{"id":116,"date":"2025-05-16T07:03:40","date_gmt":"2025-05-16T05:03:40","guid":{"rendered":"https:\/\/www.ma-rose-des-vents.com\/al\/test_wp\/?page_id=116"},"modified":"2025-06-30T06:15:54","modified_gmt":"2025-06-30T04:15:54","slug":"accueil","status":"publish","type":"page","link":"https:\/\/www.tcc-17.com\/","title":{"rendered":""},"content":{"rendered":"\n<h2 class=\"wp-block-heading\" style=\"font-size:0px\">TCC17<\/h2>\n\n\n\n<h2 class=\"wp-block-heading\" style=\"font-size:0px\">TCC La Rochelle<\/h2>\n\n\n\n<div class=\"wp-block-columns alignwide is-layout-flex wp-container-core-columns-is-layout-47e616e8 wp-block-columns-is-layout-flex\"><div class=\"wp-block-column is-vertically-aligned-center is-layout-flow wp-container-core-column-is-layout-0a386c5a wp-block-column-is-layout-flow\" style=\"flex-basis:100%;\">\n<div class=\"wp-block-group is-layout-flow wp-container-core-group-is-layout-8a92f19b wp-block-group-is-layout-flow\">\n<div class=\"wp-block-columns is-layout-flex wp-container-core-columns-is-layout-28f84493 wp-block-columns-is-layout-flex\">\n<div class=\"wp-block-column is-vertically-aligned-top is-layout-flow wp-block-column-is-layout-flow\" style=\"flex-basis:100%\">\n<figure class=\"wp-block-image aligncenter size-full is-resized\"><img decoding=\"async\" src=\"http:\/\/www.ma-rose-des-vents.com\/al\/test_wp\/wp-content\/uploads\/2025\/05\/image_1.webp\" alt=\"Deux mains d&eacute;m&ecirc;lent un cerveau de fils, illustrant l&rsquo;effet de la th&eacute;rapie cognitive et comportementale pour clarifier les pens&eacute;es, &ecirc;tre dans l&rsquo;action et modifier ses comportements probl&eacute;matiques.\" class=\"wp-image-26\" style=\"width:694px;height:auto\"><\/figure>\n\n\n\n<p><br><\/p>\n\n\n\n<h2 class=\"wp-block-heading has-text-align-center has-text-color has-link-color has-system-sans-serif-font-family has-4-x-large-font-size wp-elements-2bdf9afa59db2853f865e74468d964af\" style=\"border-style:none;border-width:0px;color:#326b7e;padding-top:0;padding-right:0;padding-bottom:0;padding-left:0;line-height:1.2\"><strong>Th&eacute;rapie Cognitive et Comportementale (TCC)<\/strong><\/h2>\n\n\n\n<h2 class=\"wp-block-heading has-text-align-center has-text-color has-link-color has-system-sans-serif-font-family has-4-x-large-font-size wp-elements-a7039a6a5c5a12145fad258779226f6d\" style=\"border-style:none;border-width:0px;color:#326b7e;padding-top:0;padding-right:0;padding-bottom:0;padding-left:0;line-height:1.2\"><strong>Th&eacute;rapie Comportementale Dialectique (TCD)<\/strong><\/h2>\n<\/div>\n<\/div>\n\n\n\n<p><\/p>\n\n\n\n<figure class=\"wp-block-pullquote has-text-align-center has-background has-system-sans-serif-font-family has-2-x-large-font-size\" style=\"background-color:#f9f3eb;font-style:normal;font-weight:400\"><blockquote><p>Dans un cadre bienveillant et authentique, la Th&eacute;rapie Cognitive et Comportementale (TCC) et la Th&eacute;rapie Comportementale Dialectique (TCD) reposent sur une collaboration sinc&egrave;re, guid&eacute;e par l&rsquo;&eacute;coute, l&#8217;empathie et le respect du rythme de chacun, pour explorer ensemble de nouvelles fa&ccedil;ons de penser, de ressentir et d&rsquo;agir.<\/p><\/blockquote><\/figure>\n<\/div>\n\n\n\n<div style=\"height:24px\" aria-hidden=\"true\" class=\"wp-block-spacer\"><\/div>\n\n\n\n<div class=\"wp-block-buttons is-content-justification-center is-layout-flex wp-container-core-buttons-is-layout-a89b3969 wp-block-buttons-is-layout-flex\">\n<div class=\"wp-block-button\"><a class=\"wp-block-button__link has-text-color has-background has-link-color has-system-sans-serif-font-family has-3-x-large-font-size has-custom-font-size wp-element-button\" href=\"https:\/\/rdv.terapiz.com\/psychopraticienne\/la-rochelle\/adeline-layec\" style=\"border-style:none;border-width:0px;color:#326b7e;background-color:#f8a9a9;text-transform:uppercase;\" target=\"_blank\" rel=\"noreferrer noopener\">Prendre rendez-vous<svg xmlns=\"http:\/\/www.w3.org\/2000\/svg\" viewbox=\"0 0 24 24\" fill=\"none\" stroke=\"currentColor\" stroke-width=\"2\" stroke-linecap=\"round\" stroke-linejoin=\"round\" width=\"18px\" height=\"18px\"><line x1=\"7\" y1=\"17\" x2=\"17\" y2=\"7\"><\/line><polyline points=\"7 7 17 7 17 17\"><\/polyline><\/svg><\/a><\/div>\n<\/div>\n<\/div>\n<\/div>\n","protected":false},"excerpt":{"rendered":"<p>TCC17 TCC La Rochelle Th\u00e9rapie Cognitive et Comportementale (TCC) Th\u00e9rapie Comportementale Dialectique (TCD) Dans un cadre bienveillant et authentique, la Th\u00e9rapie Cognitive et Comportementale (TCC) et la Th\u00e9rapie Comportementale Dialectique (TCD) reposent sur une collaboration sinc\u00e8re, guid\u00e9e par l&rsquo;\u00e9coute, l&#8217;empathie et le respect du rythme de chacun, pour explorer ensemble de nouvelles fa\u00e7ons de penser, [&hellip;]<\/p>\n","protected":false},"author":1,"featured_media":0,"parent":0,"menu_order":0,"comment_status":"closed","ping_status":"closed","template":"","meta":{"footnotes":""},"class_list":["post-116","page","type-page","status-publish","hentry"],"yoast_head":"<!-- This site is optimized with the Yoast SEO plugin v25.2 - https:\/\/yoast.com\/wordpress\/plugins\/seo\/ -->\n<title>- Adeline LAYEC TCC17<\/title>\n<meta name=\"description\" content=\"TCC17 - Th\u00e9rapeute TCC et Th\u00e9rapie dialectique \u00e0 La Rochelle \u2013 Th\u00e9rapie cognitive et comportementale bienveillante\" \/>\n<meta name=\"robots\" content=\"index, follow, max-snippet:-1, max-image-preview:large, max-video-preview:-1\" \/>\n<link rel=\"canonical\" href=\"https:\/\/www.tcc-17.com\/\" \/>\n<meta property=\"og:locale\" content=\"fr_FR\" \/>\n<meta property=\"og:type\" content=\"article\" \/>\n<meta property=\"og:title\" content=\"- Adeline LAYEC TCC17\" \/>\n<meta property=\"og:description\" content=\"TCC17 - Th\u00e9rapeute TCC et Th\u00e9rapie dialectique \u00e0 La Rochelle \u2013 Th\u00e9rapie cognitive et comportementale bienveillante\" \/>\n<meta property=\"og:url\" content=\"https:\/\/www.tcc-17.com\/\" \/>\n<meta property=\"og:site_name\" content=\"Adeline LAYEC TCC17\" \/>\n<meta property=\"article:modified_time\" content=\"2025-06-30T04:15:54+00:00\" \/>\n<meta name=\"twitter:card\" content=\"summary_large_image\" \/>\n<meta name=\"twitter:label1\" content=\"Dur\u00e9e de lecture estim\u00e9e\" \/>\n\t<meta name=\"twitter:data1\" content=\"1 minute\" \/>\n<script type=\"application\/ld+json\" class=\"yoast-schema-graph\">{\"@context\":\"https:\/\/schema.org\",\"@graph\":[{\"@type\":\"WebPage\",\"@id\":\"https:\/\/www.tcc-17.com\/\",\"url\":\"https:\/\/www.tcc-17.com\/\",\"name\":\"- Adeline LAYEC TCC17\",\"isPartOf\":{\"@id\":\"https:\/\/www.tcc-17.com\/#website\"},\"primaryImageOfPage\":{\"@id\":\"https:\/\/www.tcc-17.com\/#primaryimage\"},\"image\":{\"@id\":\"https:\/\/www.tcc-17.com\/#primaryimage\"},\"thumbnailUrl\":\"http:\/\/www.ma-rose-des-vents.com\/al\/test_wp\/wp-content\/uploads\/2025\/05\/image_1.webp\",\"datePublished\":\"2025-05-16T05:03:40+00:00\",\"dateModified\":\"2025-06-30T04:15:54+00:00\",\"description\":\"TCC17 - Th\u00e9rapeute TCC et Th\u00e9rapie dialectique \u00e0 La Rochelle \u2013 Th\u00e9rapie cognitive et comportementale bienveillante\",\"inLanguage\":\"fr-FR\",\"potentialAction\":[{\"@type\":\"ReadAction\",\"target\":[\"https:\/\/www.tcc-17.com\/\"]}]},{\"@type\":\"ImageObject\",\"inLanguage\":\"fr-FR\",\"@id\":\"https:\/\/www.tcc-17.com\/#primaryimage\",\"url\":\"http:\/\/www.ma-rose-des-vents.com\/al\/test_wp\/wp-content\/uploads\/2025\/05\/image_1.webp\",\"contentUrl\":\"http:\/\/www.ma-rose-des-vents.com\/al\/test_wp\/wp-content\/uploads\/2025\/05\/image_1.webp\"},{\"@type\":\"WebSite\",\"@id\":\"https:\/\/www.tcc-17.com\/#website\",\"url\":\"https:\/\/www.tcc-17.com\/\",\"name\":\"Adeline LAYEC TCC-17\",\"description\":\"Th\u00e9rapeute TCC et TCD \u00e0 La Rochelle  (Charente Maritime)\",\"publisher\":{\"@id\":\"https:\/\/www.tcc-17.com\/#organization\"},\"alternateName\":\"TCC17\",\"potentialAction\":[{\"@type\":\"SearchAction\",\"target\":{\"@type\":\"EntryPoint\",\"urlTemplate\":\"https:\/\/www.tcc-17.com\/?s={search_term_string}\"},\"query-input\":{\"@type\":\"PropertyValueSpecification\",\"valueRequired\":true,\"valueName\":\"search_term_string\"}}],\"inLanguage\":\"fr-FR\"},{\"@type\":\"Organization\",\"@id\":\"https:\/\/www.tcc-17.com\/#organization\",\"name\":\"Adeline LAYEC\",\"alternateName\":\"TCC17\",\"url\":\"https:\/\/www.tcc-17.com\/\",\"logo\":{\"@type\":\"ImageObject\",\"inLanguage\":\"fr-FR\",\"@id\":\"https:\/\/www.tcc-17.com\/#\/schema\/logo\/image\/\",\"url\":\"https:\/\/www.tcc-17.com\/wp-content\/uploads\/2025\/05\/logo_al_v2_2.png\",\"contentUrl\":\"https:\/\/www.tcc-17.com\/wp-content\/uploads\/2025\/05\/logo_al_v2_2.png\",\"width\":414,\"height\":412,\"caption\":\"Adeline LAYEC\"},\"image\":{\"@id\":\"https:\/\/www.tcc-17.com\/#\/schema\/logo\/image\/\"}}]}<\/script>\n<!-- \/ Yoast SEO plugin. -->","yoast_head_json":{"title":"- Adeline LAYEC TCC17","description":"TCC17 - Th\u00e9rapeute TCC et Th\u00e9rapie dialectique \u00e0 La Rochelle \u2013 Th\u00e9rapie cognitive et comportementale bienveillante","robots":{"index":"index","follow":"follow","max-snippet":"max-snippet:-1","max-image-preview":"max-image-preview:large","max-video-preview":"max-video-preview:-1"},"canonical":"https:\/\/www.tcc-17.com\/","og_locale":"fr_FR","og_type":"article","og_title":"- Adeline LAYEC TCC17","og_description":"TCC17 - Th\u00e9rapeute TCC et Th\u00e9rapie dialectique \u00e0 La Rochelle \u2013 Th\u00e9rapie cognitive et comportementale bienveillante","og_url":"https:\/\/www.tcc-17.com\/","og_site_name":"Adeline LAYEC TCC17","article_modified_time":"2025-06-30T04:15:54+00:00","twitter_card":"summary_large_image","twitter_misc":{"Dur\u00e9e de lecture estim\u00e9e":"1 minute"},"schema":{"@context":"https:\/\/schema.org","@graph":[{"@type":"WebPage","@id":"https:\/\/www.tcc-17.com\/","url":"https:\/\/www.tcc-17.com\/","name":"- Adeline LAYEC TCC17","isPartOf":{"@id":"https:\/\/www.tcc-17.com\/#website"},"primaryImageOfPage":{"@id":"https:\/\/www.tcc-17.com\/#primaryimage"},"image":{"@id":"https:\/\/www.tcc-17.com\/#primaryimage"},"thumbnailUrl":"http:\/\/www.ma-rose-des-vents.com\/al\/test_wp\/wp-content\/uploads\/2025\/05\/image_1.webp","datePublished":"2025-05-16T05:03:40+00:00","dateModified":"2025-06-30T04:15:54+00:00","description":"TCC17 - Th\u00e9rapeute TCC et Th\u00e9rapie dialectique \u00e0 La Rochelle \u2013 Th\u00e9rapie cognitive et comportementale bienveillante","inLanguage":"fr-FR","potentialAction":[{"@type":"ReadAction","target":["https:\/\/www.tcc-17.com\/"]}]},{"@type":"ImageObject","inLanguage":"fr-FR","@id":"https:\/\/www.tcc-17.com\/#primaryimage","url":"http:\/\/www.ma-rose-des-vents.com\/al\/test_wp\/wp-content\/uploads\/2025\/05\/image_1.webp","contentUrl":"http:\/\/www.ma-rose-des-vents.com\/al\/test_wp\/wp-content\/uploads\/2025\/05\/image_1.webp"},{"@type":"WebSite","@id":"https:\/\/www.tcc-17.com\/#website","url":"https:\/\/www.tcc-17.com\/","name":"Adeline LAYEC TCC-17","description":"Th\u00e9rapeute TCC et TCD \u00e0 La Rochelle  (Charente Maritime)","publisher":{"@id":"https:\/\/www.tcc-17.com\/#organization"},"alternateName":"TCC17","potentialAction":[{"@type":"SearchAction","target":{"@type":"EntryPoint","urlTemplate":"https:\/\/www.tcc-17.com\/?s={search_term_string}"},"query-input":{"@type":"PropertyValueSpecification","valueRequired":true,"valueName":"search_term_string"}}],"inLanguage":"fr-FR"},{"@type":"Organization","@id":"https:\/\/www.tcc-17.com\/#organization","name":"Adeline LAYEC","alternateName":"TCC17","url":"https:\/\/www.tcc-17.com\/","logo":{"@type":"ImageObject","inLanguage":"fr-FR","@id":"https:\/\/www.tcc-17.com\/#\/schema\/logo\/image\/","url":"https:\/\/www.tcc-17.com\/wp-content\/uploads\/2025\/05\/logo_al_v2_2.png","contentUrl":"https:\/\/www.tcc-17.com\/wp-content\/uploads\/2025\/05\/logo_al_v2_2.png","width":414,"height":412,"caption":"Adeline LAYEC"},"image":{"@id":"https:\/\/www.tcc-17.com\/#\/schema\/logo\/image\/"}}]}},"_links":{"self":[{"href":"https:\/\/www.tcc-17.com\/index.php\/wp-json\/wp\/v2\/pages\/116","targetHints":{"allow":["GET"]}}],"collection":[{"href":"https:\/\/www.tcc-17.com\/index.php\/wp-json\/wp\/v2\/pages"}],"about":[{"href":"https:\/\/www.tcc-17.com\/index.php\/wp-json\/wp\/v2\/types\/page"}],"author":[{"embeddable":true,"href":"https:\/\/www.tcc-17.com\/index.php\/wp-json\/wp\/v2\/users\/1"}],"replies":[{"embeddable":true,"href":"https:\/\/www.tcc-17.com\/index.php\/wp-json\/wp\/v2\/comments?post=116"}],"version-history":[{"count":45,"href":"https:\/\/www.tcc-17.com\/index.php\/wp-json\/wp\/v2\/pages\/116\/revisions"}],"predecessor-version":[{"id":1021,"href":"https:\/\/www.tcc-17.com\/index.php\/wp-json\/wp\/v2\/pages\/116\/revisions\/1021"}],"wp:attachment":[{"href":"https:\/\/www.tcc-17.com\/index.php\/wp-json\/wp\/v2\/media?parent=116"}],"curies":[{"name":"wp","href":"https:\/\/api.w.org\/{rel}","templated":true}]}}