{"id":329,"date":"2025-05-17T10:48:42","date_gmt":"2025-05-17T08:48:42","guid":{"rendered":"https:\/\/www.tcc-17.com\/index.php\/modele-2\/"},"modified":"2025-06-30T06:19:48","modified_gmt":"2025-06-30T04:19:48","slug":"presentation","status":"publish","type":"page","link":"https:\/\/www.tcc-17.com\/index.php\/presentation\/","title":{"rendered":"Pr\u00e9sentation"},"content":{"rendered":"\n<h2 class=\"wp-block-heading\" style=\"font-size:0px\">TCC17<\/h2>\n\n\n\n<h2 class=\"wp-block-heading\" style=\"font-size:0px\">TCC La Rochelle<\/h2>\n\n\n\n<figure class=\"wp-block-image aligncenter size-full is-resized\"><img loading=\"lazy\" decoding=\"async\" width=\"2048\" height=\"2560\" src=\"https:\/\/www.tcc-17.com\/wp-content\/uploads\/2025\/05\/photo_al-scaled.jpg\" alt=\"Adeline LAYEC TCC-17 TCC17\" class=\"wp-image-901\" style=\"width:300px\" srcset=\"https:\/\/www.tcc-17.com\/wp-content\/uploads\/2025\/05\/photo_al-scaled.jpg 2048w, https:\/\/www.tcc-17.com\/wp-content\/uploads\/2025\/05\/photo_al-240x300.jpg 240w, https:\/\/www.tcc-17.com\/wp-content\/uploads\/2025\/05\/photo_al-819x1024.jpg 819w, https:\/\/www.tcc-17.com\/wp-content\/uploads\/2025\/05\/photo_al-768x960.jpg 768w, https:\/\/www.tcc-17.com\/wp-content\/uploads\/2025\/05\/photo_al-1229x1536.jpg 1229w, https:\/\/www.tcc-17.com\/wp-content\/uploads\/2025\/05\/photo_al-1638x2048.jpg 1638w\" sizes=\"auto, (max-width: 2048px) 100vw, 2048px\" \/><\/figure>\n\n\n\n<p class=\"has-system-sans-serif-font-family has-x-large-font-size\">Convaincue que chacun peut retrouver un \u00e9quilibre et un apaisement de la d\u00e9tresse \u00e9motionnelle, j\u2019ai exerc\u00e9 pendant 20 ans comme infirmi\u00e8re en psychiatrie, dont 12 ann\u00e9es aux urgences psychiatriques. <br>Ces exp\u00e9riences m\u2019ont permis d\u2019accompagner des patients en grande d\u00e9tresse psychique et de d\u00e9velopper une approche \u00e0 la fois humaine, pragmatique et engag\u00e9e dans la prise en charge de la souffrance mentale.<\/p>\n\n\n\n<p class=\"has-system-sans-serif-font-family has-x-large-font-size\">Souhaitant proposer un accompagnement encore plus adapt\u00e9 et structur\u00e9, j\u2019ai renforc\u00e9 mon expertise en obtenant un dipl\u00f4me en Th\u00e9rapie Cognitive et Comportementale (TCC) \u00e0 l\u2019IRCCADE de Bordeaux, ainsi qu\u2019en Th\u00e9rapie Comportementale Dialectique (TCD) \u00e0 l\u2019IFFORTHECC d\u2019Aix-en-Provence.<\/p>\n\n\n\n<p class=\"has-system-sans-serif-font-family has-x-large-font-size\">Ma pratique s\u2019inscrit dans une d\u00e9marche active et collaborative, o\u00f9 le patient devient acteur de son changement. <br>Mon objectif est d\u2019aider chacun \u00e0 mieux comprendre ses sch\u00e9mas de pens\u00e9es et de comportements, \u00e0 surmonter ses blocages et \u00e0 retrouver un \u00e9quilibre \u00e9motionnel durable.<\/p>\n\n\n\n<div class=\"wp-block-group is-nowrap is-layout-flex wp-container-core-group-is-layout-6c531013 wp-block-group-is-layout-flex\">\n<figure class=\"wp-block-image size-full\"><a href=\"https:\/\/www.irccade.com\/\" target=\"_blank\" rel=\" noreferrer noopener\"><img loading=\"lazy\" decoding=\"async\" width=\"205\" height=\"62\" src=\"https:\/\/www.tcc-17.com\/wp-content\/uploads\/2025\/05\/logo_irccade_v3.png\" alt=\"Lien vers https:\/\/www.irccade.com\/\" class=\"wp-image-884\"\/><\/a><\/figure>\n\n\n\n<div style=\"margin-top:0;margin-bottom:0\" aria-hidden=\"true\" class=\"wp-block-spacer wp-container-content-9cfa9a5a\"><\/div>\n\n\n\n<figure class=\"wp-block-image size-full\"><a href=\"https:\/\/www.ifforthecc.org\/\" target=\"_blank\" rel=\" noreferrer noopener\"><img loading=\"lazy\" decoding=\"async\" width=\"274\" height=\"125\" src=\"https:\/\/www.tcc-17.com\/wp-content\/uploads\/2025\/05\/logo_ifforthecc_v3.png\" alt=\"Lin vers https:\/\/www.ifforthecc.org\/\" class=\"wp-image-885\"\/><\/a><\/figure>\n<\/div>\n","protected":false},"excerpt":{"rendered":"<p>TCC17 TCC La Rochelle Convaincue que chacun peut retrouver un \u00e9quilibre et un apaisement de la d\u00e9tresse \u00e9motionnelle, j\u2019ai exerc\u00e9 pendant 20 ans comme infirmi\u00e8re en psychiatrie, dont 12 ann\u00e9es aux urgences psychiatriques. Ces exp\u00e9riences m\u2019ont permis d\u2019accompagner des patients en grande d\u00e9tresse psychique et de d\u00e9velopper une approche \u00e0 la fois humaine, pragmatique et [&hellip;]<\/p>\n","protected":false},"author":1,"featured_media":0,"parent":0,"menu_order":0,"comment_status":"closed","ping_status":"closed","template":"","meta":{"footnotes":""},"class_list":["post-329","page","type-page","status-publish","hentry"],"yoast_head":"<!-- This site is optimized with the Yoast SEO plugin v25.2 - https:\/\/yoast.com\/wordpress\/plugins\/seo\/ -->\n<title>Pr\u00e9sentation - Adeline LAYEC TCC17<\/title>\n<meta name=\"description\" content=\"TCC17 - Th\u00e9rapeute TCC &amp; Th\u00e9rapie dialectique \u2013 Parcours et approche professionnelle. Adeline Layec \u00e0 La Rochelle - IRCCADE - IFFORTHECC\" \/>\n<meta name=\"robots\" content=\"index, follow, max-snippet:-1, max-image-preview:large, max-video-preview:-1\" \/>\n<link rel=\"canonical\" href=\"https:\/\/www.tcc-17.com\/index.php\/presentation\/\" \/>\n<meta property=\"og:locale\" content=\"fr_FR\" \/>\n<meta property=\"og:type\" content=\"article\" \/>\n<meta property=\"og:title\" content=\"Pr\u00e9sentation - Adeline LAYEC TCC17\" \/>\n<meta property=\"og:description\" content=\"TCC17 - Th\u00e9rapeute TCC &amp; Th\u00e9rapie dialectique \u2013 Parcours et approche professionnelle. Adeline Layec \u00e0 La Rochelle - IRCCADE - IFFORTHECC\" \/>\n<meta property=\"og:url\" content=\"https:\/\/www.tcc-17.com\/index.php\/presentation\/\" \/>\n<meta property=\"og:site_name\" content=\"Adeline LAYEC TCC17\" \/>\n<meta property=\"article:modified_time\" content=\"2025-06-30T04:19:48+00:00\" \/>\n<meta property=\"og:image\" content=\"https:\/\/www.tcc-17.com\/wp-content\/uploads\/2025\/05\/photo_al-scaled.jpg\" \/>\n\t<meta property=\"og:image:width\" content=\"2048\" \/>\n\t<meta property=\"og:image:height\" content=\"2560\" \/>\n\t<meta property=\"og:image:type\" content=\"image\/jpeg\" \/>\n<meta name=\"twitter:card\" content=\"summary_large_image\" \/>\n<meta name=\"twitter:label1\" content=\"Dur\u00e9e de lecture estim\u00e9e\" \/>\n\t<meta name=\"twitter:data1\" content=\"2 minutes\" \/>\n<script type=\"application\/ld+json\" class=\"yoast-schema-graph\">{\"@context\":\"https:\/\/schema.org\",\"@graph\":[{\"@type\":\"WebPage\",\"@id\":\"https:\/\/www.tcc-17.com\/index.php\/presentation\/\",\"url\":\"https:\/\/www.tcc-17.com\/index.php\/presentation\/\",\"name\":\"Pr\u00e9sentation - Adeline LAYEC TCC17\",\"isPartOf\":{\"@id\":\"https:\/\/www.tcc-17.com\/#website\"},\"primaryImageOfPage\":{\"@id\":\"https:\/\/www.tcc-17.com\/index.php\/presentation\/#primaryimage\"},\"image\":{\"@id\":\"https:\/\/www.tcc-17.com\/index.php\/presentation\/#primaryimage\"},\"thumbnailUrl\":\"https:\/\/www.tcc-17.com\/wp-content\/uploads\/2025\/05\/photo_al-scaled.jpg\",\"datePublished\":\"2025-05-17T08:48:42+00:00\",\"dateModified\":\"2025-06-30T04:19:48+00:00\",\"description\":\"TCC17 - Th\u00e9rapeute TCC & Th\u00e9rapie dialectique \u2013 Parcours et approche professionnelle. Adeline Layec \u00e0 La Rochelle - IRCCADE - IFFORTHECC\",\"breadcrumb\":{\"@id\":\"https:\/\/www.tcc-17.com\/index.php\/presentation\/#breadcrumb\"},\"inLanguage\":\"fr-FR\",\"potentialAction\":[{\"@type\":\"ReadAction\",\"target\":[\"https:\/\/www.tcc-17.com\/index.php\/presentation\/\"]}]},{\"@type\":\"ImageObject\",\"inLanguage\":\"fr-FR\",\"@id\":\"https:\/\/www.tcc-17.com\/index.php\/presentation\/#primaryimage\",\"url\":\"https:\/\/www.tcc-17.com\/wp-content\/uploads\/2025\/05\/photo_al-scaled.jpg\",\"contentUrl\":\"https:\/\/www.tcc-17.com\/wp-content\/uploads\/2025\/05\/photo_al-scaled.jpg\",\"width\":2048,\"height\":2560},{\"@type\":\"BreadcrumbList\",\"@id\":\"https:\/\/www.tcc-17.com\/index.php\/presentation\/#breadcrumb\",\"itemListElement\":[{\"@type\":\"ListItem\",\"position\":1,\"name\":\"Accueil\",\"item\":\"https:\/\/www.tcc-17.com\/\"},{\"@type\":\"ListItem\",\"position\":2,\"name\":\"Pr\u00e9sentation\"}]},{\"@type\":\"WebSite\",\"@id\":\"https:\/\/www.tcc-17.com\/#website\",\"url\":\"https:\/\/www.tcc-17.com\/\",\"name\":\"Adeline LAYEC TCC-17\",\"description\":\"Th\u00e9rapeute TCC et TCD \u00e0 La Rochelle  (Charente Maritime)\",\"publisher\":{\"@id\":\"https:\/\/www.tcc-17.com\/#organization\"},\"alternateName\":\"TCC17\",\"potentialAction\":[{\"@type\":\"SearchAction\",\"target\":{\"@type\":\"EntryPoint\",\"urlTemplate\":\"https:\/\/www.tcc-17.com\/?s={search_term_string}\"},\"query-input\":{\"@type\":\"PropertyValueSpecification\",\"valueRequired\":true,\"valueName\":\"search_term_string\"}}],\"inLanguage\":\"fr-FR\"},{\"@type\":\"Organization\",\"@id\":\"https:\/\/www.tcc-17.com\/#organization\",\"name\":\"Adeline LAYEC\",\"alternateName\":\"TCC17\",\"url\":\"https:\/\/www.tcc-17.com\/\",\"logo\":{\"@type\":\"ImageObject\",\"inLanguage\":\"fr-FR\",\"@id\":\"https:\/\/www.tcc-17.com\/#\/schema\/logo\/image\/\",\"url\":\"https:\/\/www.tcc-17.com\/wp-content\/uploads\/2025\/05\/logo_al_v2_2.png\",\"contentUrl\":\"https:\/\/www.tcc-17.com\/wp-content\/uploads\/2025\/05\/logo_al_v2_2.png\",\"width\":414,\"height\":412,\"caption\":\"Adeline LAYEC\"},\"image\":{\"@id\":\"https:\/\/www.tcc-17.com\/#\/schema\/logo\/image\/\"}}]}<\/script>\n<!-- \/ Yoast SEO plugin. -->","yoast_head_json":{"title":"Pr\u00e9sentation - Adeline LAYEC TCC17","description":"TCC17 - Th\u00e9rapeute TCC & Th\u00e9rapie dialectique \u2013 Parcours et approche professionnelle. Adeline Layec \u00e0 La Rochelle - IRCCADE - IFFORTHECC","robots":{"index":"index","follow":"follow","max-snippet":"max-snippet:-1","max-image-preview":"max-image-preview:large","max-video-preview":"max-video-preview:-1"},"canonical":"https:\/\/www.tcc-17.com\/index.php\/presentation\/","og_locale":"fr_FR","og_type":"article","og_title":"Pr\u00e9sentation - Adeline LAYEC TCC17","og_description":"TCC17 - Th\u00e9rapeute TCC & Th\u00e9rapie dialectique \u2013 Parcours et approche professionnelle. Adeline Layec \u00e0 La Rochelle - IRCCADE - IFFORTHECC","og_url":"https:\/\/www.tcc-17.com\/index.php\/presentation\/","og_site_name":"Adeline LAYEC TCC17","article_modified_time":"2025-06-30T04:19:48+00:00","og_image":[{"width":2048,"height":2560,"url":"https:\/\/www.tcc-17.com\/wp-content\/uploads\/2025\/05\/photo_al-scaled.jpg","type":"image\/jpeg"}],"twitter_card":"summary_large_image","twitter_misc":{"Dur\u00e9e de lecture estim\u00e9e":"2 minutes"},"schema":{"@context":"https:\/\/schema.org","@graph":[{"@type":"WebPage","@id":"https:\/\/www.tcc-17.com\/index.php\/presentation\/","url":"https:\/\/www.tcc-17.com\/index.php\/presentation\/","name":"Pr\u00e9sentation - Adeline LAYEC TCC17","isPartOf":{"@id":"https:\/\/www.tcc-17.com\/#website"},"primaryImageOfPage":{"@id":"https:\/\/www.tcc-17.com\/index.php\/presentation\/#primaryimage"},"image":{"@id":"https:\/\/www.tcc-17.com\/index.php\/presentation\/#primaryimage"},"thumbnailUrl":"https:\/\/www.tcc-17.com\/wp-content\/uploads\/2025\/05\/photo_al-scaled.jpg","datePublished":"2025-05-17T08:48:42+00:00","dateModified":"2025-06-30T04:19:48+00:00","description":"TCC17 - Th\u00e9rapeute TCC & Th\u00e9rapie dialectique \u2013 Parcours et approche professionnelle. Adeline Layec \u00e0 La Rochelle - IRCCADE - IFFORTHECC","breadcrumb":{"@id":"https:\/\/www.tcc-17.com\/index.php\/presentation\/#breadcrumb"},"inLanguage":"fr-FR","potentialAction":[{"@type":"ReadAction","target":["https:\/\/www.tcc-17.com\/index.php\/presentation\/"]}]},{"@type":"ImageObject","inLanguage":"fr-FR","@id":"https:\/\/www.tcc-17.com\/index.php\/presentation\/#primaryimage","url":"https:\/\/www.tcc-17.com\/wp-content\/uploads\/2025\/05\/photo_al-scaled.jpg","contentUrl":"https:\/\/www.tcc-17.com\/wp-content\/uploads\/2025\/05\/photo_al-scaled.jpg","width":2048,"height":2560},{"@type":"BreadcrumbList","@id":"https:\/\/www.tcc-17.com\/index.php\/presentation\/#breadcrumb","itemListElement":[{"@type":"ListItem","position":1,"name":"Accueil","item":"https:\/\/www.tcc-17.com\/"},{"@type":"ListItem","position":2,"name":"Pr\u00e9sentation"}]},{"@type":"WebSite","@id":"https:\/\/www.tcc-17.com\/#website","url":"https:\/\/www.tcc-17.com\/","name":"Adeline LAYEC TCC-17","description":"Th\u00e9rapeute TCC et TCD \u00e0 La Rochelle  (Charente Maritime)","publisher":{"@id":"https:\/\/www.tcc-17.com\/#organization"},"alternateName":"TCC17","potentialAction":[{"@type":"SearchAction","target":{"@type":"EntryPoint","urlTemplate":"https:\/\/www.tcc-17.com\/?s={search_term_string}"},"query-input":{"@type":"PropertyValueSpecification","valueRequired":true,"valueName":"search_term_string"}}],"inLanguage":"fr-FR"},{"@type":"Organization","@id":"https:\/\/www.tcc-17.com\/#organization","name":"Adeline LAYEC","alternateName":"TCC17","url":"https:\/\/www.tcc-17.com\/","logo":{"@type":"ImageObject","inLanguage":"fr-FR","@id":"https:\/\/www.tcc-17.com\/#\/schema\/logo\/image\/","url":"https:\/\/www.tcc-17.com\/wp-content\/uploads\/2025\/05\/logo_al_v2_2.png","contentUrl":"https:\/\/www.tcc-17.com\/wp-content\/uploads\/2025\/05\/logo_al_v2_2.png","width":414,"height":412,"caption":"Adeline LAYEC"},"image":{"@id":"https:\/\/www.tcc-17.com\/#\/schema\/logo\/image\/"}}]}},"_links":{"self":[{"href":"https:\/\/www.tcc-17.com\/index.php\/wp-json\/wp\/v2\/pages\/329","targetHints":{"allow":["GET"]}}],"collection":[{"href":"https:\/\/www.tcc-17.com\/index.php\/wp-json\/wp\/v2\/pages"}],"about":[{"href":"https:\/\/www.tcc-17.com\/index.php\/wp-json\/wp\/v2\/types\/page"}],"author":[{"embeddable":true,"href":"https:\/\/www.tcc-17.com\/index.php\/wp-json\/wp\/v2\/users\/1"}],"replies":[{"embeddable":true,"href":"https:\/\/www.tcc-17.com\/index.php\/wp-json\/wp\/v2\/comments?post=329"}],"version-history":[{"count":29,"href":"https:\/\/www.tcc-17.com\/index.php\/wp-json\/wp\/v2\/pages\/329\/revisions"}],"predecessor-version":[{"id":1028,"href":"https:\/\/www.tcc-17.com\/index.php\/wp-json\/wp\/v2\/pages\/329\/revisions\/1028"}],"wp:attachment":[{"href":"https:\/\/www.tcc-17.com\/index.php\/wp-json\/wp\/v2\/media?parent=329"}],"curies":[{"name":"wp","href":"https:\/\/api.w.org\/{rel}","templated":true}]}}