{"id":346,"date":"2025-05-17T11:14:49","date_gmt":"2025-05-17T09:14:49","guid":{"rendered":"https:\/\/www.tcc-17.com\/index.php\/modele-2\/"},"modified":"2025-06-30T06:17:37","modified_gmt":"2025-06-30T04:17:37","slug":"consultation","status":"publish","type":"page","link":"https:\/\/www.tcc-17.com\/index.php\/consultation\/","title":{"rendered":"Consultations"},"content":{"rendered":"\n<h2 class=\"wp-block-heading\" style=\"font-size:0px\">TCC17<\/h2>\n\n\n\n<h2 class=\"wp-block-heading\" style=\"font-size:0px\">TCC La Rochelle<\/h2>\n\n\n\n<figure class=\"wp-block-image aligncenter size-full is-resized\"><img loading=\"lazy\" decoding=\"async\" width=\"445\" height=\"260\" src=\"https:\/\/www.tcc-17.com\/wp-content\/uploads\/2025\/05\/image_consultation_v2.webp\" alt=\"Un homme marche en \u00e9quilibre sur un fil partant d\u2019un n\u0153ud complexe vers une ampoule allum\u00e9e, symbolisant le passage du chaos \u00e0 la clart\u00e9.\" class=\"wp-image-703\" style=\"object-fit:cover;width:300px;height:100px\" srcset=\"https:\/\/www.tcc-17.com\/wp-content\/uploads\/2025\/05\/image_consultation_v2.webp 445w, https:\/\/www.tcc-17.com\/wp-content\/uploads\/2025\/05\/image_consultation_v2-300x175.webp 300w\" sizes=\"auto, (max-width: 445px) 100vw, 445px\" \/><\/figure>\n\n\n\n<p class=\"has-text-color has-link-color has-system-sans-serif-font-family has-2-x-large-font-size wp-elements-2c18757883831e278d3605ad0d3d5bc3\" style=\"color:#326b7e\"><strong>Les Th\u00e9rapies Cognitivo-Comportementales (TCC) sont actives, concr\u00e8tes et orient\u00e9es vers des solutions. Elles vous fournissent des outils efficaces pour progresser vers un mieux-\u00eatre durable. Chaque accompagnement s\u2019adapte \u00e0 vos besoins sp\u00e9cifiques et \u00e0 votre rythme.<\/strong><\/p>\n\n\n\n<p><\/p>\n\n\n\n<div class=\"wp-block-columns alignwide is-layout-flex wp-container-core-columns-is-layout-0598dd4c wp-block-columns-is-layout-flex\" style=\"margin-top:0;margin-bottom:0;padding-right:0;padding-left:0\">\n<div class=\"wp-block-column has-background has-global-padding is-content-justification-center is-layout-constrained wp-block-column-is-layout-constrained\" style=\"background-color:#f9f3eb\">\n<h4 class=\"wp-block-heading has-x-large-font-size\">POUR QUI ?<\/h4>\n\n\n\n<p class=\"has-system-sans-serif-font-family has-x-large-font-size\">Je re\u00e7ois des adultes et des jeunes adultes en consultation<\/p>\n\n\n\n<p><\/p>\n<\/div>\n\n\n\n<div class=\"wp-block-column has-background has-global-padding is-layout-constrained wp-container-core-column-is-layout-7db9d80f wp-block-column-is-layout-constrained\" style=\"background-color:#f9f3eb;padding-right:0;padding-left:0\">\n<h4 class=\"wp-block-heading has-x-large-font-size\">POURQUOI ?<\/h4>\n\n\n\n<p class=\"has-system-sans-serif-font-family has-x-large-font-size\">Les raisons de consulter sont vari\u00e9es :<br>&#8211; <strong>Des troubles psychologiques et psychiatriques :<\/strong>&nbsp;stress post-traumatique, d\u00e9pression, troubles anxieux (anxi\u00e9t\u00e9 sociale, anxi\u00e9t\u00e9 g\u00e9n\u00e9ralis\u00e9e, phobies, trouble panique, agoraphobie, TOC, troubles du sommeil, addictions (substances ou comportementales), TDAH<br>&#8211; <strong>Des troubles de la personnalit\u00e9 :<\/strong> borderline, d\u00e9pendant, \u00e9vitant &#8230;<br>&#8211;&nbsp;<strong>Des tensions relationnelles :<\/strong> dans l\u2019entourage familial, amical ou professionnel.<br>&#8211;&nbsp;<strong>Des \u00e9preuves de vie difficiles :<\/strong> s\u00e9paration, deuil, maladie, douleur, difficult\u00e9s professionnelles &#8230;<br>&#8211; <strong>Une difficult\u00e9 \u00e0 g\u00e9rer ses \u00e9motions :<\/strong> frustration, stress, impulsivit\u00e9 &#8230;<br>&#8211; <strong>Un manque d\u2019estime de soi<\/strong> et le besoin de renforcer sa confiance en soi, un trouble de l\u2019attachement.<\/p>\n\n\n\n<p class=\"has-system-sans-serif-font-family has-x-large-font-size\"><\/p>\n<\/div>\n\n\n\n<div class=\"wp-block-column has-background has-global-padding is-layout-constrained wp-block-column-is-layout-constrained\" style=\"background-color:#f9f3eb\">\n<h4 class=\"wp-block-heading has-x-large-font-size\">COMMENT ?<\/h4>\n\n\n\n<p class=\"has-system-sans-serif-font-family has-x-large-font-size\">Les premi\u00e8res s\u00e9ances au cabinet nous permettront de faire connaissance et d\u2019\u00e9valuer ensemble votre demande et les difficult\u00e9s rencontr\u00e9es. Ce temps nous permettra de r\u00e9fl\u00e9chir au travail \u00e0 mener et \u00e0 la meilleure orientation possible. <\/p>\n\n\n\n<p class=\"has-system-sans-serif-font-family has-x-large-font-size\">Les consultations sont possibles au cabinet, en t\u00e9l\u00e9consultation et \u00e0 domicile.<\/p>\n\n\n\n<p><\/p>\n<\/div>\n<\/div>\n","protected":false},"excerpt":{"rendered":"<p>TCC17 TCC La Rochelle Les Th\u00e9rapies Cognitivo-Comportementales (TCC) sont actives, concr\u00e8tes et orient\u00e9es vers des solutions. Elles vous fournissent des outils efficaces pour progresser vers un mieux-\u00eatre durable. Chaque accompagnement s\u2019adapte \u00e0 vos besoins sp\u00e9cifiques et \u00e0 votre rythme. POUR QUI ? Je re\u00e7ois des adultes et des jeunes adultes en consultation POURQUOI ? Les [&hellip;]<\/p>\n","protected":false},"author":1,"featured_media":0,"parent":0,"menu_order":0,"comment_status":"closed","ping_status":"closed","template":"","meta":{"footnotes":""},"class_list":["post-346","page","type-page","status-publish","hentry"],"yoast_head":"<!-- This site is optimized with the Yoast SEO plugin v25.2 - https:\/\/yoast.com\/wordpress\/plugins\/seo\/ -->\n<title>Consultations - Adeline LAYEC TCC17<\/title>\n<meta name=\"description\" content=\"TCC17 - Consultations en th\u00e9rapie TCC et TCD pour adultes. Adeline Layec \u00e0 La Rochelle. Mieux-\u00eatre, gestion des \u00e9motions, troubles anxieux, estime de soi, traumatisme. En cabinet, t\u00e9l\u00e9consultation ou \u00e0 domicile.\" \/>\n<meta name=\"robots\" content=\"index, follow, max-snippet:-1, max-image-preview:large, max-video-preview:-1\" \/>\n<link rel=\"canonical\" href=\"https:\/\/www.tcc-17.com\/index.php\/consultation\/\" \/>\n<meta property=\"og:locale\" content=\"fr_FR\" \/>\n<meta property=\"og:type\" content=\"article\" \/>\n<meta property=\"og:title\" content=\"Consultations - Adeline LAYEC TCC17\" \/>\n<meta property=\"og:description\" content=\"TCC17 - Consultations en th\u00e9rapie TCC et TCD pour adultes. Adeline Layec \u00e0 La Rochelle. Mieux-\u00eatre, gestion des \u00e9motions, troubles anxieux, estime de soi, traumatisme. En cabinet, t\u00e9l\u00e9consultation ou \u00e0 domicile.\" \/>\n<meta property=\"og:url\" content=\"https:\/\/www.tcc-17.com\/index.php\/consultation\/\" \/>\n<meta property=\"og:site_name\" content=\"Adeline LAYEC TCC17\" \/>\n<meta property=\"article:modified_time\" content=\"2025-06-30T04:17:37+00:00\" \/>\n<meta property=\"og:image\" content=\"https:\/\/www.tcc-17.com\/wp-content\/uploads\/2025\/05\/image_consultation_v2.webp\" \/>\n\t<meta property=\"og:image:width\" content=\"445\" \/>\n\t<meta property=\"og:image:height\" content=\"260\" \/>\n\t<meta property=\"og:image:type\" content=\"image\/webp\" \/>\n<meta name=\"twitter:card\" content=\"summary_large_image\" \/>\n<meta name=\"twitter:label1\" content=\"Dur\u00e9e de lecture estim\u00e9e\" \/>\n\t<meta name=\"twitter:data1\" content=\"2 minutes\" \/>\n<script type=\"application\/ld+json\" class=\"yoast-schema-graph\">{\"@context\":\"https:\/\/schema.org\",\"@graph\":[{\"@type\":\"WebPage\",\"@id\":\"https:\/\/www.tcc-17.com\/index.php\/consultation\/\",\"url\":\"https:\/\/www.tcc-17.com\/index.php\/consultation\/\",\"name\":\"Consultations - Adeline LAYEC TCC17\",\"isPartOf\":{\"@id\":\"https:\/\/www.tcc-17.com\/#website\"},\"primaryImageOfPage\":{\"@id\":\"https:\/\/www.tcc-17.com\/index.php\/consultation\/#primaryimage\"},\"image\":{\"@id\":\"https:\/\/www.tcc-17.com\/index.php\/consultation\/#primaryimage\"},\"thumbnailUrl\":\"https:\/\/www.tcc-17.com\/wp-content\/uploads\/2025\/05\/image_consultation_v2.webp\",\"datePublished\":\"2025-05-17T09:14:49+00:00\",\"dateModified\":\"2025-06-30T04:17:37+00:00\",\"description\":\"TCC17 - Consultations en th\u00e9rapie TCC et TCD pour adultes. Adeline Layec \u00e0 La Rochelle. Mieux-\u00eatre, gestion des \u00e9motions, troubles anxieux, estime de soi, traumatisme. En cabinet, t\u00e9l\u00e9consultation ou \u00e0 domicile.\",\"breadcrumb\":{\"@id\":\"https:\/\/www.tcc-17.com\/index.php\/consultation\/#breadcrumb\"},\"inLanguage\":\"fr-FR\",\"potentialAction\":[{\"@type\":\"ReadAction\",\"target\":[\"https:\/\/www.tcc-17.com\/index.php\/consultation\/\"]}]},{\"@type\":\"ImageObject\",\"inLanguage\":\"fr-FR\",\"@id\":\"https:\/\/www.tcc-17.com\/index.php\/consultation\/#primaryimage\",\"url\":\"https:\/\/www.tcc-17.com\/wp-content\/uploads\/2025\/05\/image_consultation_v2.webp\",\"contentUrl\":\"https:\/\/www.tcc-17.com\/wp-content\/uploads\/2025\/05\/image_consultation_v2.webp\",\"width\":445,\"height\":260},{\"@type\":\"BreadcrumbList\",\"@id\":\"https:\/\/www.tcc-17.com\/index.php\/consultation\/#breadcrumb\",\"itemListElement\":[{\"@type\":\"ListItem\",\"position\":1,\"name\":\"Accueil\",\"item\":\"https:\/\/www.tcc-17.com\/\"},{\"@type\":\"ListItem\",\"position\":2,\"name\":\"Consultations\"}]},{\"@type\":\"WebSite\",\"@id\":\"https:\/\/www.tcc-17.com\/#website\",\"url\":\"https:\/\/www.tcc-17.com\/\",\"name\":\"Adeline LAYEC TCC-17\",\"description\":\"Th\u00e9rapeute TCC et TCD \u00e0 La Rochelle  (Charente Maritime)\",\"publisher\":{\"@id\":\"https:\/\/www.tcc-17.com\/#organization\"},\"alternateName\":\"TCC17\",\"potentialAction\":[{\"@type\":\"SearchAction\",\"target\":{\"@type\":\"EntryPoint\",\"urlTemplate\":\"https:\/\/www.tcc-17.com\/?s={search_term_string}\"},\"query-input\":{\"@type\":\"PropertyValueSpecification\",\"valueRequired\":true,\"valueName\":\"search_term_string\"}}],\"inLanguage\":\"fr-FR\"},{\"@type\":\"Organization\",\"@id\":\"https:\/\/www.tcc-17.com\/#organization\",\"name\":\"Adeline LAYEC\",\"alternateName\":\"TCC17\",\"url\":\"https:\/\/www.tcc-17.com\/\",\"logo\":{\"@type\":\"ImageObject\",\"inLanguage\":\"fr-FR\",\"@id\":\"https:\/\/www.tcc-17.com\/#\/schema\/logo\/image\/\",\"url\":\"https:\/\/www.tcc-17.com\/wp-content\/uploads\/2025\/05\/logo_al_v2_2.png\",\"contentUrl\":\"https:\/\/www.tcc-17.com\/wp-content\/uploads\/2025\/05\/logo_al_v2_2.png\",\"width\":414,\"height\":412,\"caption\":\"Adeline LAYEC\"},\"image\":{\"@id\":\"https:\/\/www.tcc-17.com\/#\/schema\/logo\/image\/\"}}]}<\/script>\n<!-- \/ Yoast SEO plugin. -->","yoast_head_json":{"title":"Consultations - Adeline LAYEC TCC17","description":"TCC17 - Consultations en th\u00e9rapie TCC et TCD pour adultes. Adeline Layec \u00e0 La Rochelle. Mieux-\u00eatre, gestion des \u00e9motions, troubles anxieux, estime de soi, traumatisme. En cabinet, t\u00e9l\u00e9consultation ou \u00e0 domicile.","robots":{"index":"index","follow":"follow","max-snippet":"max-snippet:-1","max-image-preview":"max-image-preview:large","max-video-preview":"max-video-preview:-1"},"canonical":"https:\/\/www.tcc-17.com\/index.php\/consultation\/","og_locale":"fr_FR","og_type":"article","og_title":"Consultations - Adeline LAYEC TCC17","og_description":"TCC17 - Consultations en th\u00e9rapie TCC et TCD pour adultes. Adeline Layec \u00e0 La Rochelle. Mieux-\u00eatre, gestion des \u00e9motions, troubles anxieux, estime de soi, traumatisme. En cabinet, t\u00e9l\u00e9consultation ou \u00e0 domicile.","og_url":"https:\/\/www.tcc-17.com\/index.php\/consultation\/","og_site_name":"Adeline LAYEC TCC17","article_modified_time":"2025-06-30T04:17:37+00:00","og_image":[{"width":445,"height":260,"url":"https:\/\/www.tcc-17.com\/wp-content\/uploads\/2025\/05\/image_consultation_v2.webp","type":"image\/webp"}],"twitter_card":"summary_large_image","twitter_misc":{"Dur\u00e9e de lecture estim\u00e9e":"2 minutes"},"schema":{"@context":"https:\/\/schema.org","@graph":[{"@type":"WebPage","@id":"https:\/\/www.tcc-17.com\/index.php\/consultation\/","url":"https:\/\/www.tcc-17.com\/index.php\/consultation\/","name":"Consultations - Adeline LAYEC TCC17","isPartOf":{"@id":"https:\/\/www.tcc-17.com\/#website"},"primaryImageOfPage":{"@id":"https:\/\/www.tcc-17.com\/index.php\/consultation\/#primaryimage"},"image":{"@id":"https:\/\/www.tcc-17.com\/index.php\/consultation\/#primaryimage"},"thumbnailUrl":"https:\/\/www.tcc-17.com\/wp-content\/uploads\/2025\/05\/image_consultation_v2.webp","datePublished":"2025-05-17T09:14:49+00:00","dateModified":"2025-06-30T04:17:37+00:00","description":"TCC17 - Consultations en th\u00e9rapie TCC et TCD pour adultes. Adeline Layec \u00e0 La Rochelle. Mieux-\u00eatre, gestion des \u00e9motions, troubles anxieux, estime de soi, traumatisme. En cabinet, t\u00e9l\u00e9consultation ou \u00e0 domicile.","breadcrumb":{"@id":"https:\/\/www.tcc-17.com\/index.php\/consultation\/#breadcrumb"},"inLanguage":"fr-FR","potentialAction":[{"@type":"ReadAction","target":["https:\/\/www.tcc-17.com\/index.php\/consultation\/"]}]},{"@type":"ImageObject","inLanguage":"fr-FR","@id":"https:\/\/www.tcc-17.com\/index.php\/consultation\/#primaryimage","url":"https:\/\/www.tcc-17.com\/wp-content\/uploads\/2025\/05\/image_consultation_v2.webp","contentUrl":"https:\/\/www.tcc-17.com\/wp-content\/uploads\/2025\/05\/image_consultation_v2.webp","width":445,"height":260},{"@type":"BreadcrumbList","@id":"https:\/\/www.tcc-17.com\/index.php\/consultation\/#breadcrumb","itemListElement":[{"@type":"ListItem","position":1,"name":"Accueil","item":"https:\/\/www.tcc-17.com\/"},{"@type":"ListItem","position":2,"name":"Consultations"}]},{"@type":"WebSite","@id":"https:\/\/www.tcc-17.com\/#website","url":"https:\/\/www.tcc-17.com\/","name":"Adeline LAYEC TCC-17","description":"Th\u00e9rapeute TCC et TCD \u00e0 La Rochelle  (Charente Maritime)","publisher":{"@id":"https:\/\/www.tcc-17.com\/#organization"},"alternateName":"TCC17","potentialAction":[{"@type":"SearchAction","target":{"@type":"EntryPoint","urlTemplate":"https:\/\/www.tcc-17.com\/?s={search_term_string}"},"query-input":{"@type":"PropertyValueSpecification","valueRequired":true,"valueName":"search_term_string"}}],"inLanguage":"fr-FR"},{"@type":"Organization","@id":"https:\/\/www.tcc-17.com\/#organization","name":"Adeline LAYEC","alternateName":"TCC17","url":"https:\/\/www.tcc-17.com\/","logo":{"@type":"ImageObject","inLanguage":"fr-FR","@id":"https:\/\/www.tcc-17.com\/#\/schema\/logo\/image\/","url":"https:\/\/www.tcc-17.com\/wp-content\/uploads\/2025\/05\/logo_al_v2_2.png","contentUrl":"https:\/\/www.tcc-17.com\/wp-content\/uploads\/2025\/05\/logo_al_v2_2.png","width":414,"height":412,"caption":"Adeline LAYEC"},"image":{"@id":"https:\/\/www.tcc-17.com\/#\/schema\/logo\/image\/"}}]}},"_links":{"self":[{"href":"https:\/\/www.tcc-17.com\/index.php\/wp-json\/wp\/v2\/pages\/346","targetHints":{"allow":["GET"]}}],"collection":[{"href":"https:\/\/www.tcc-17.com\/index.php\/wp-json\/wp\/v2\/pages"}],"about":[{"href":"https:\/\/www.tcc-17.com\/index.php\/wp-json\/wp\/v2\/types\/page"}],"author":[{"embeddable":true,"href":"https:\/\/www.tcc-17.com\/index.php\/wp-json\/wp\/v2\/users\/1"}],"replies":[{"embeddable":true,"href":"https:\/\/www.tcc-17.com\/index.php\/wp-json\/wp\/v2\/comments?post=346"}],"version-history":[{"count":37,"href":"https:\/\/www.tcc-17.com\/index.php\/wp-json\/wp\/v2\/pages\/346\/revisions"}],"predecessor-version":[{"id":1024,"href":"https:\/\/www.tcc-17.com\/index.php\/wp-json\/wp\/v2\/pages\/346\/revisions\/1024"}],"wp:attachment":[{"href":"https:\/\/www.tcc-17.com\/index.php\/wp-json\/wp\/v2\/media?parent=346"}],"curies":[{"name":"wp","href":"https:\/\/api.w.org\/{rel}","templated":true}]}}