{"id":439,"date":"2025-05-17T17:18:12","date_gmt":"2025-05-17T15:18:12","guid":{"rendered":"https:\/\/www.tcc-17.com\/index.php\/modele-2\/"},"modified":"2025-06-30T06:21:04","modified_gmt":"2025-06-30T04:21:04","slug":"tarifs-et-informations","status":"publish","type":"page","link":"https:\/\/www.tcc-17.com\/index.php\/tarifs-et-informations\/","title":{"rendered":"Tarifs \/ infos"},"content":{"rendered":"\n<h2 class=\"wp-block-heading\" style=\"font-size:0px\">TCC17<\/h2>\n\n\n\n<h2 class=\"wp-block-heading\" style=\"font-size:0px\">TCC La Rochelle<\/h2>\n\n\n\n<figure class=\"wp-block-image aligncenter size-full is-resized\"><img loading=\"lazy\" decoding=\"async\" width=\"509\" height=\"509\" src=\"https:\/\/www.tcc-17.com\/wp-content\/uploads\/2025\/05\/image_tarif_v2.webp\" alt=\"Deux personnes se tiennent c\u00f4te \u00e0 c\u00f4te, visiblement perplexes, avec une bulle remplie de points d\u2019interrogation au-dessus d\u2019elles, illustrant la recherche de r\u00e9ponses ou d\u2019informations.\" class=\"wp-image-734\" style=\"width:300px\" srcset=\"https:\/\/www.tcc-17.com\/wp-content\/uploads\/2025\/05\/image_tarif_v2.webp 509w, https:\/\/www.tcc-17.com\/wp-content\/uploads\/2025\/05\/image_tarif_v2-300x300.webp 300w, https:\/\/www.tcc-17.com\/wp-content\/uploads\/2025\/05\/image_tarif_v2-150x150.webp 150w\" sizes=\"auto, (max-width: 509px) 100vw, 509px\" \/><\/figure>\n\n\n\n<div class=\"wp-block-columns alignwide is-layout-flex wp-container-core-columns-is-layout-f116ee6c wp-block-columns-is-layout-flex\" style=\"margin-top:0;margin-bottom:0;padding-right:0;padding-left:0\">\n<div class=\"wp-block-column has-global-padding is-content-justification-center is-layout-constrained wp-container-core-column-is-layout-d7a71814 wp-block-column-is-layout-constrained\" style=\"padding-right:0;padding-left:0\">\n<p><\/p>\n\n\n\n<p class=\"has-text-color has-link-color has-system-sans-serif-font-family has-x-large-font-size wp-elements-41d3860255fc39a41b164f18d2f8a17d\" style=\"color:#326b7e\"><strong>60 euros la consultation individuelle de 50 min.<\/strong><\/p>\n\n\n\n<p class=\"has-text-color has-link-color has-system-sans-serif-font-family has-x-large-font-size wp-elements-199607f964dda2b6fc97f3a0162cb3f1\" style=\"color:#326b7e\"><strong>40 euros\/ personne, pour une s\u00e9ance de groupe, dur\u00e9e de 90 min, les s\u00e9ances de groupe s\u2019int\u00e8grent dans un programme de 6 \u00e0 8 s\u00e9ances avec n\u00e9cessit\u00e9 d\u2019un suivi lib\u00e9ral individuel en parall\u00e8le.<\/strong><\/p>\n\n\n\n<p class=\"has-text-color has-link-color has-system-sans-serif-font-family has-x-large-font-size wp-elements-51878bff3cc1be9be34e73e4c92c9547\" style=\"color:#326b7e\"><strong>Ch\u00e8que, esp\u00e8ces ou virement bancaire.<\/strong><\/p>\n\n\n\n<p class=\"has-text-color has-link-color has-system-sans-serif-font-family has-x-large-font-size wp-elements-544cb3901a2882fee5ccea14d325adad\" style=\"color:#326b7e\"><strong>Les consultations se d\u00e9roulent au cabinet ou en t\u00e9l\u00e9consultation via Google meet.<\/strong><br><strong>Horaires : du lundi au vendredi de 8h00 \u00e0 20h00 et le samedi de 8h00 \u00e0 14h00.<\/strong><\/p>\n<\/div>\n<\/div>\n","protected":false},"excerpt":{"rendered":"<p>TCC17 TCC La Rochelle 60 euros la consultation individuelle de 50 min. 40 euros\/ personne, pour une s\u00e9ance de groupe, dur\u00e9e de 90 min, les s\u00e9ances de groupe s\u2019int\u00e8grent dans un programme de 6 \u00e0 8 s\u00e9ances avec n\u00e9cessit\u00e9 d\u2019un suivi lib\u00e9ral individuel en parall\u00e8le. Ch\u00e8que, esp\u00e8ces ou virement bancaire. Les consultations se d\u00e9roulent au [&hellip;]<\/p>\n","protected":false},"author":1,"featured_media":0,"parent":0,"menu_order":0,"comment_status":"closed","ping_status":"closed","template":"","meta":{"footnotes":""},"class_list":["post-439","page","type-page","status-publish","hentry"],"yoast_head":"<!-- This site is optimized with the Yoast SEO plugin v25.2 - https:\/\/yoast.com\/wordpress\/plugins\/seo\/ -->\n<title>Tarifs \/ infos - Adeline LAYEC TCC17<\/title>\n<meta name=\"description\" content=\"TCC17 - Tarifs et informations pratiques. Consultations TCC et TCD. Adeline Layec \u00e0 La Rochelle. D\u00e9couvrez les tarifs des consultations individuelles et des s\u00e9ances de groupe en TCC et TCD. Rendez-vous au cabinet, \u00e0 domicile ou en t\u00e9l\u00e9consultation. Paiement par ch\u00e8que ou esp\u00e8ces.\" \/>\n<meta name=\"robots\" content=\"index, follow, max-snippet:-1, max-image-preview:large, max-video-preview:-1\" \/>\n<link rel=\"canonical\" href=\"https:\/\/www.tcc-17.com\/index.php\/tarifs-et-informations\/\" \/>\n<meta property=\"og:locale\" content=\"fr_FR\" \/>\n<meta property=\"og:type\" content=\"article\" \/>\n<meta property=\"og:title\" content=\"Tarifs \/ infos - Adeline LAYEC TCC17\" \/>\n<meta property=\"og:description\" content=\"TCC17 - Tarifs et informations pratiques. Consultations TCC et TCD. Adeline Layec \u00e0 La Rochelle. D\u00e9couvrez les tarifs des consultations individuelles et des s\u00e9ances de groupe en TCC et TCD. Rendez-vous au cabinet, \u00e0 domicile ou en t\u00e9l\u00e9consultation. Paiement par ch\u00e8que ou esp\u00e8ces.\" \/>\n<meta property=\"og:url\" content=\"https:\/\/www.tcc-17.com\/index.php\/tarifs-et-informations\/\" \/>\n<meta property=\"og:site_name\" content=\"Adeline LAYEC TCC17\" \/>\n<meta property=\"article:modified_time\" content=\"2025-06-30T04:21:04+00:00\" \/>\n<meta property=\"og:image\" content=\"https:\/\/www.tcc-17.com\/wp-content\/uploads\/2025\/05\/image_tarif_v2.webp\" \/>\n\t<meta property=\"og:image:width\" content=\"509\" \/>\n\t<meta property=\"og:image:height\" content=\"509\" \/>\n\t<meta property=\"og:image:type\" content=\"image\/webp\" \/>\n<meta name=\"twitter:card\" content=\"summary_large_image\" \/>\n<meta name=\"twitter:label1\" content=\"Dur\u00e9e de lecture estim\u00e9e\" \/>\n\t<meta name=\"twitter:data1\" content=\"1 minute\" \/>\n<script type=\"application\/ld+json\" class=\"yoast-schema-graph\">{\"@context\":\"https:\/\/schema.org\",\"@graph\":[{\"@type\":\"WebPage\",\"@id\":\"https:\/\/www.tcc-17.com\/index.php\/tarifs-et-informations\/\",\"url\":\"https:\/\/www.tcc-17.com\/index.php\/tarifs-et-informations\/\",\"name\":\"Tarifs \/ infos - Adeline LAYEC TCC17\",\"isPartOf\":{\"@id\":\"https:\/\/www.tcc-17.com\/#website\"},\"primaryImageOfPage\":{\"@id\":\"https:\/\/www.tcc-17.com\/index.php\/tarifs-et-informations\/#primaryimage\"},\"image\":{\"@id\":\"https:\/\/www.tcc-17.com\/index.php\/tarifs-et-informations\/#primaryimage\"},\"thumbnailUrl\":\"https:\/\/www.tcc-17.com\/wp-content\/uploads\/2025\/05\/image_tarif_v2.webp\",\"datePublished\":\"2025-05-17T15:18:12+00:00\",\"dateModified\":\"2025-06-30T04:21:04+00:00\",\"description\":\"TCC17 - Tarifs et informations pratiques. Consultations TCC et TCD. Adeline Layec \u00e0 La Rochelle. D\u00e9couvrez les tarifs des consultations individuelles et des s\u00e9ances de groupe en TCC et TCD. Rendez-vous au cabinet, \u00e0 domicile ou en t\u00e9l\u00e9consultation. Paiement par ch\u00e8que ou esp\u00e8ces.\",\"breadcrumb\":{\"@id\":\"https:\/\/www.tcc-17.com\/index.php\/tarifs-et-informations\/#breadcrumb\"},\"inLanguage\":\"fr-FR\",\"potentialAction\":[{\"@type\":\"ReadAction\",\"target\":[\"https:\/\/www.tcc-17.com\/index.php\/tarifs-et-informations\/\"]}]},{\"@type\":\"ImageObject\",\"inLanguage\":\"fr-FR\",\"@id\":\"https:\/\/www.tcc-17.com\/index.php\/tarifs-et-informations\/#primaryimage\",\"url\":\"https:\/\/www.tcc-17.com\/wp-content\/uploads\/2025\/05\/image_tarif_v2.webp\",\"contentUrl\":\"https:\/\/www.tcc-17.com\/wp-content\/uploads\/2025\/05\/image_tarif_v2.webp\",\"width\":509,\"height\":509},{\"@type\":\"BreadcrumbList\",\"@id\":\"https:\/\/www.tcc-17.com\/index.php\/tarifs-et-informations\/#breadcrumb\",\"itemListElement\":[{\"@type\":\"ListItem\",\"position\":1,\"name\":\"Accueil\",\"item\":\"https:\/\/www.tcc-17.com\/\"},{\"@type\":\"ListItem\",\"position\":2,\"name\":\"Tarifs \/ infos\"}]},{\"@type\":\"WebSite\",\"@id\":\"https:\/\/www.tcc-17.com\/#website\",\"url\":\"https:\/\/www.tcc-17.com\/\",\"name\":\"Adeline LAYEC TCC-17\",\"description\":\"Th\u00e9rapeute TCC et TCD \u00e0 La Rochelle  (Charente Maritime)\",\"publisher\":{\"@id\":\"https:\/\/www.tcc-17.com\/#organization\"},\"alternateName\":\"TCC17\",\"potentialAction\":[{\"@type\":\"SearchAction\",\"target\":{\"@type\":\"EntryPoint\",\"urlTemplate\":\"https:\/\/www.tcc-17.com\/?s={search_term_string}\"},\"query-input\":{\"@type\":\"PropertyValueSpecification\",\"valueRequired\":true,\"valueName\":\"search_term_string\"}}],\"inLanguage\":\"fr-FR\"},{\"@type\":\"Organization\",\"@id\":\"https:\/\/www.tcc-17.com\/#organization\",\"name\":\"Adeline LAYEC\",\"alternateName\":\"TCC17\",\"url\":\"https:\/\/www.tcc-17.com\/\",\"logo\":{\"@type\":\"ImageObject\",\"inLanguage\":\"fr-FR\",\"@id\":\"https:\/\/www.tcc-17.com\/#\/schema\/logo\/image\/\",\"url\":\"https:\/\/www.tcc-17.com\/wp-content\/uploads\/2025\/05\/logo_al_v2_2.png\",\"contentUrl\":\"https:\/\/www.tcc-17.com\/wp-content\/uploads\/2025\/05\/logo_al_v2_2.png\",\"width\":414,\"height\":412,\"caption\":\"Adeline LAYEC\"},\"image\":{\"@id\":\"https:\/\/www.tcc-17.com\/#\/schema\/logo\/image\/\"}}]}<\/script>\n<!-- \/ Yoast SEO plugin. -->","yoast_head_json":{"title":"Tarifs \/ infos - Adeline LAYEC TCC17","description":"TCC17 - Tarifs et informations pratiques. Consultations TCC et TCD. Adeline Layec \u00e0 La Rochelle. D\u00e9couvrez les tarifs des consultations individuelles et des s\u00e9ances de groupe en TCC et TCD. Rendez-vous au cabinet, \u00e0 domicile ou en t\u00e9l\u00e9consultation. Paiement par ch\u00e8que ou esp\u00e8ces.","robots":{"index":"index","follow":"follow","max-snippet":"max-snippet:-1","max-image-preview":"max-image-preview:large","max-video-preview":"max-video-preview:-1"},"canonical":"https:\/\/www.tcc-17.com\/index.php\/tarifs-et-informations\/","og_locale":"fr_FR","og_type":"article","og_title":"Tarifs \/ infos - Adeline LAYEC TCC17","og_description":"TCC17 - Tarifs et informations pratiques. Consultations TCC et TCD. Adeline Layec \u00e0 La Rochelle. D\u00e9couvrez les tarifs des consultations individuelles et des s\u00e9ances de groupe en TCC et TCD. Rendez-vous au cabinet, \u00e0 domicile ou en t\u00e9l\u00e9consultation. Paiement par ch\u00e8que ou esp\u00e8ces.","og_url":"https:\/\/www.tcc-17.com\/index.php\/tarifs-et-informations\/","og_site_name":"Adeline LAYEC TCC17","article_modified_time":"2025-06-30T04:21:04+00:00","og_image":[{"width":509,"height":509,"url":"https:\/\/www.tcc-17.com\/wp-content\/uploads\/2025\/05\/image_tarif_v2.webp","type":"image\/webp"}],"twitter_card":"summary_large_image","twitter_misc":{"Dur\u00e9e de lecture estim\u00e9e":"1 minute"},"schema":{"@context":"https:\/\/schema.org","@graph":[{"@type":"WebPage","@id":"https:\/\/www.tcc-17.com\/index.php\/tarifs-et-informations\/","url":"https:\/\/www.tcc-17.com\/index.php\/tarifs-et-informations\/","name":"Tarifs \/ infos - Adeline LAYEC TCC17","isPartOf":{"@id":"https:\/\/www.tcc-17.com\/#website"},"primaryImageOfPage":{"@id":"https:\/\/www.tcc-17.com\/index.php\/tarifs-et-informations\/#primaryimage"},"image":{"@id":"https:\/\/www.tcc-17.com\/index.php\/tarifs-et-informations\/#primaryimage"},"thumbnailUrl":"https:\/\/www.tcc-17.com\/wp-content\/uploads\/2025\/05\/image_tarif_v2.webp","datePublished":"2025-05-17T15:18:12+00:00","dateModified":"2025-06-30T04:21:04+00:00","description":"TCC17 - Tarifs et informations pratiques. Consultations TCC et TCD. Adeline Layec \u00e0 La Rochelle. D\u00e9couvrez les tarifs des consultations individuelles et des s\u00e9ances de groupe en TCC et TCD. Rendez-vous au cabinet, \u00e0 domicile ou en t\u00e9l\u00e9consultation. Paiement par ch\u00e8que ou esp\u00e8ces.","breadcrumb":{"@id":"https:\/\/www.tcc-17.com\/index.php\/tarifs-et-informations\/#breadcrumb"},"inLanguage":"fr-FR","potentialAction":[{"@type":"ReadAction","target":["https:\/\/www.tcc-17.com\/index.php\/tarifs-et-informations\/"]}]},{"@type":"ImageObject","inLanguage":"fr-FR","@id":"https:\/\/www.tcc-17.com\/index.php\/tarifs-et-informations\/#primaryimage","url":"https:\/\/www.tcc-17.com\/wp-content\/uploads\/2025\/05\/image_tarif_v2.webp","contentUrl":"https:\/\/www.tcc-17.com\/wp-content\/uploads\/2025\/05\/image_tarif_v2.webp","width":509,"height":509},{"@type":"BreadcrumbList","@id":"https:\/\/www.tcc-17.com\/index.php\/tarifs-et-informations\/#breadcrumb","itemListElement":[{"@type":"ListItem","position":1,"name":"Accueil","item":"https:\/\/www.tcc-17.com\/"},{"@type":"ListItem","position":2,"name":"Tarifs \/ infos"}]},{"@type":"WebSite","@id":"https:\/\/www.tcc-17.com\/#website","url":"https:\/\/www.tcc-17.com\/","name":"Adeline LAYEC TCC-17","description":"Th\u00e9rapeute TCC et TCD \u00e0 La Rochelle  (Charente Maritime)","publisher":{"@id":"https:\/\/www.tcc-17.com\/#organization"},"alternateName":"TCC17","potentialAction":[{"@type":"SearchAction","target":{"@type":"EntryPoint","urlTemplate":"https:\/\/www.tcc-17.com\/?s={search_term_string}"},"query-input":{"@type":"PropertyValueSpecification","valueRequired":true,"valueName":"search_term_string"}}],"inLanguage":"fr-FR"},{"@type":"Organization","@id":"https:\/\/www.tcc-17.com\/#organization","name":"Adeline LAYEC","alternateName":"TCC17","url":"https:\/\/www.tcc-17.com\/","logo":{"@type":"ImageObject","inLanguage":"fr-FR","@id":"https:\/\/www.tcc-17.com\/#\/schema\/logo\/image\/","url":"https:\/\/www.tcc-17.com\/wp-content\/uploads\/2025\/05\/logo_al_v2_2.png","contentUrl":"https:\/\/www.tcc-17.com\/wp-content\/uploads\/2025\/05\/logo_al_v2_2.png","width":414,"height":412,"caption":"Adeline LAYEC"},"image":{"@id":"https:\/\/www.tcc-17.com\/#\/schema\/logo\/image\/"}}]}},"_links":{"self":[{"href":"https:\/\/www.tcc-17.com\/index.php\/wp-json\/wp\/v2\/pages\/439","targetHints":{"allow":["GET"]}}],"collection":[{"href":"https:\/\/www.tcc-17.com\/index.php\/wp-json\/wp\/v2\/pages"}],"about":[{"href":"https:\/\/www.tcc-17.com\/index.php\/wp-json\/wp\/v2\/types\/page"}],"author":[{"embeddable":true,"href":"https:\/\/www.tcc-17.com\/index.php\/wp-json\/wp\/v2\/users\/1"}],"replies":[{"embeddable":true,"href":"https:\/\/www.tcc-17.com\/index.php\/wp-json\/wp\/v2\/comments?post=439"}],"version-history":[{"count":18,"href":"https:\/\/www.tcc-17.com\/index.php\/wp-json\/wp\/v2\/pages\/439\/revisions"}],"predecessor-version":[{"id":1030,"href":"https:\/\/www.tcc-17.com\/index.php\/wp-json\/wp\/v2\/pages\/439\/revisions\/1030"}],"wp:attachment":[{"href":"https:\/\/www.tcc-17.com\/index.php\/wp-json\/wp\/v2\/media?parent=439"}],"curies":[{"name":"wp","href":"https:\/\/api.w.org\/{rel}","templated":true}]}}