

{"id":63,"date":"2025-05-07T16:59:24","date_gmt":"2025-05-07T14:59:24","guid":{"rendered":"https:\/\/www.ma-rose-des-vents.com\/al\/test_wp\/?page_id=63"},"modified":"2025-06-30T06:18:09","modified_gmt":"2025-06-30T04:18:09","slug":"contact","status":"publish","type":"page","link":"https:\/\/www.tcc-17.com\/index.php\/contact\/","title":{"rendered":"Contact"},"content":{"rendered":"\n<h2 class=\"wp-block-heading\" style=\"font-size:0px\">TCC17<\/h2>\n\n\n\n<h2 class=\"wp-block-heading\" style=\"font-size:0px\">TCC La Rochelle<\/h2>\n\n\n\n<figure class=\"wp-block-image aligncenter size-full is-resized\"><img loading=\"lazy\" decoding=\"async\" width=\"322\" height=\"189\" src=\"https:\/\/www.tcc-17.com\/wp-content\/uploads\/2025\/05\/Image_contact_v3.webp\" alt=\"Une illustration de plusieurs Smartphones en pleine communication, symbolisant une prise de contact simple et accessible\" class=\"wp-image-861\" style=\"width:300px\" srcset=\"https:\/\/www.tcc-17.com\/wp-content\/uploads\/2025\/05\/Image_contact_v3.webp 322w, https:\/\/www.tcc-17.com\/wp-content\/uploads\/2025\/05\/Image_contact_v3-300x176.webp 300w\" sizes=\"auto, (max-width: 322px) 100vw, 322px\" \/><\/figure>\n\n\n\n<p><\/p>\n\n\n\n<div class=\"wp-block-columns alignwide is-layout-flex wp-container-core-columns-is-layout-f116ee6c wp-block-columns-is-layout-flex\" style=\"margin-top:0;margin-bottom:0;padding-right:0;padding-left:0\">\n<div class=\"wp-block-column has-background has-global-padding is-content-justification-center is-layout-constrained wp-block-column-is-layout-constrained\" style=\"background-color:#f9f3eb\">\n<div class=\"wp-block-group is-vertical is-layout-flex wp-container-core-group-is-layout-e9e558ad wp-block-group-is-layout-flex\">\n<h3 class=\"wp-block-heading\"><strong>Mes informations<\/strong><\/h3>\n\n\n\n<div class=\"wp-block-group is-vertical is-layout-flex wp-container-core-group-is-layout-4b827052 wp-block-group-is-layout-flex\">\n<p class=\"has-text-color has-link-color has-large-font-size wp-elements-8008fc3e10f8594322e625532e1fddfe\" style=\"color:#000000\">Adresse du cabinet<\/p>\n\n\n\n<p class=\"has-text-color has-link-color has-system-sans-serif-font-family has-x-large-font-size wp-elements-c6ac268fbc3809469a07b91bc8a4ba53\" style=\"color:#326b7e\">5 place Jean Zay 17000 La Rochelle<\/p>\n<\/div>\n\n\n\n<p class=\"has-x-small-font-size\"><\/p>\n\n\n\n<div class=\"wp-block-group is-vertical is-layout-flex wp-container-core-group-is-layout-4b827052 wp-block-group-is-layout-flex\">\n<p class=\"has-text-color has-link-color has-large-font-size wp-elements-0a64b83c52a1d8366756140389a21ddd\" style=\"color:#000000\">E-mail<\/p>\n\n\n\n<p class=\"has-text-color has-link-color has-system-sans-serif-font-family has-x-large-font-size wp-elements-d81f7c65a8859fe6f024608b4cd523fc\" style=\"color:#326b7e\">adeline.layec@tcc-17.com<\/p>\n<\/div>\n\n\n\n<p class=\"has-x-small-font-size\"><\/p>\n\n\n\n<div class=\"wp-block-group is-vertical is-layout-flex wp-container-core-group-is-layout-4b827052 wp-block-group-is-layout-flex\">\n<p class=\"has-text-color has-link-color has-large-font-size wp-elements-0299ad0b16a037f379962737f37bddb3\" style=\"color:#000000\">T\u00e9l\u00e9phone<\/p>\n\n\n\n<p class=\"has-text-color has-link-color has-system-sans-serif-font-family has-x-large-font-size wp-elements-175c15e3a66947b4a35d414307678d3d\" style=\"color:#326b7e\">06 11 45 98 75<\/p>\n<\/div>\n<\/div>\n\n\n\n<figure class=\"wp-block-image aligncenter size-full is-resized\"><img loading=\"lazy\" decoding=\"async\" width=\"330\" height=\"330\" src=\"https:\/\/www.tcc-17.com\/wp-content\/uploads\/2025\/06\/qr_code_tcc17.png\" alt=\"\" class=\"wp-image-958\" style=\"width:212px;height:auto\" srcset=\"https:\/\/www.tcc-17.com\/wp-content\/uploads\/2025\/06\/qr_code_tcc17.png 330w, https:\/\/www.tcc-17.com\/wp-content\/uploads\/2025\/06\/qr_code_tcc17-300x300.png 300w, https:\/\/www.tcc-17.com\/wp-content\/uploads\/2025\/06\/qr_code_tcc17-150x150.png 150w\" sizes=\"auto, (max-width: 330px) 100vw, 330px\" \/><\/figure>\n<\/div>\n\n\n\n<div class=\"wp-block-column has-global-padding is-layout-constrained wp-block-column-is-layout-constrained\">\n<h3 class=\"wp-block-heading\"><strong>Me contacter<\/strong><\/h3>\n\n\n\n<div class=\"forminator-guttenberg\"><div class=\"forminator-ui forminator-custom-form forminator-custom-form-268 forminator-design--basic forminator-custom forminator_ajax\" data-forminator-render=\"0\" data-form=\"forminator-module-268\" data-uid=\"69dbbbb51ce56\"><br\/><\/div><form\n\t\t\t\tid=\"forminator-module-268\"\n\t\t\t\tclass=\"forminator-ui forminator-custom-form forminator-custom-form-268 forminator-design--basic forminator-custom forminator_ajax\"\n\t\t\t\tmethod=\"post\"\n\t\t\t\tdata-forminator-render=\"0\"\n\t\t\t\tdata-form-id=\"268\"\n\t\t\t\t\n\t\t\t\tdata-design=\"basic\"\n\t\t\t\t\n\t\t\t\t\n\t\t\t\t\n\t\t\t\tdata-grid=\"custom\"\n\t\t\t\t\n\t\t\t\t\n\t\t\t\tstyle=\"display: none;\"\n\t\t\t\t\n\t\t\t\tdata-uid=\"69dbbbb51ce56\"\n\t\t\t><div role=\"alert\" aria-live=\"polite\" class=\"forminator-response-message forminator-error\" aria-hidden=\"true\"><\/div><div class=\"forminator-row\"><div id=\"name-2\" class=\"forminator-field-name forminator-col forminator-col-12 \"><div class=\"forminator-field\"><label for=\"forminator-field-name-2_69dbbbb51ce56\" id=\"forminator-field-name-2_69dbbbb51ce56-label\" class=\"forminator-label\">Nom <span class=\"forminator-required\">*<\/span><\/label><input type=\"text\" name=\"name-2\" value=\"\" placeholder=\"\" id=\"forminator-field-name-2_69dbbbb51ce56\" class=\"forminator-input forminator-name--field\" aria-required=\"true\" \/><\/div><\/div><\/div><div class=\"forminator-row\"><div id=\"email-1\" class=\"forminator-field-email forminator-col forminator-col-12 \"><div class=\"forminator-field\"><label for=\"forminator-field-email-1_69dbbbb51ce56\" id=\"forminator-field-email-1_69dbbbb51ce56-label\" class=\"forminator-label\">E-mail <span class=\"forminator-required\">*<\/span><\/label><input type=\"email\" name=\"email-1\" value=\"\" placeholder=\"\" id=\"forminator-field-email-1_69dbbbb51ce56\" class=\"forminator-input forminator-email--field\" data-required=\"true\" aria-required=\"true\" \/><\/div><\/div><\/div><div class=\"forminator-row\"><div id=\"textarea-1\" class=\"forminator-field-textarea forminator-col forminator-col-12 \"><div class=\"forminator-field\"><label for=\"forminator-field-textarea-1_69dbbbb51ce56\" id=\"forminator-field-textarea-1_69dbbbb51ce56-label\" class=\"forminator-label\">Message <span class=\"forminator-required\">*<\/span><\/label><span id=\"forminator-field-textarea-1_69dbbbb51ce56-description\" class=\"forminator-description\"><span data-limit=\"180\" data-type=\"characters\" data-editor=\"\">0 \/ 180<\/span><\/span><textarea name=\"textarea-1\" placeholder=\"\" id=\"forminator-field-textarea-1_69dbbbb51ce56\" class=\"forminator-textarea\" rows=\"6\" style=\"min-height:140px;\" maxlength=\"180\" ><\/textarea><\/div><\/div><\/div><input type=\"hidden\" name=\"referer_url\" value=\"\" \/><div class=\"forminator-row forminator-row-last\"><div class=\"forminator-col\"><div class=\"forminator-field\"><button class=\"forminator-button forminator-button-submit\">Envoyer le message<\/button><\/div><\/div><\/div><input type=\"hidden\" id=\"forminator_nonce\" name=\"forminator_nonce\" value=\"5ae7f2186a\" \/><input type=\"hidden\" name=\"_wp_http_referer\" value=\"\/index.php\/wp-json\/wp\/v2\/pages\/63\" \/><input type=\"hidden\" name=\"form_id\" value=\"268\"><input type=\"hidden\" name=\"page_id\" value=\"63\"><input type=\"hidden\" name=\"form_type\" value=\"default\"><input type=\"hidden\" name=\"current_url\" value=\"https:\/\/www.tcc-17.com\/index.php\/contact\/\"><input type=\"hidden\" name=\"render_id\" value=\"0\"><input type=\"hidden\" name=\"action\" value=\"forminator_submit_form_custom-forms\"><\/form><\/div>\n<\/div>\n<\/div>\n\n\n\n<h3 class=\"wp-block-heading\"><strong>Localiser mon cabinet<\/strong><\/h3>\n\n\n\n\n\n\t\t\t\t<div id=\"map_ol3js_1\" class=\"map undefined\" data-map_name=\"undefined\" data-map=\"map_ol3js_1\" style=\"width:95%; max-width:100%; height:450px; display:block; overflow:hidden;border:2px solid grey;\" >\n\t\t\t\t  <div id=\"map_ol3js_1_popup\" class=\"ol-popup\" >\n\t\t\t\t\t<a href=\"#\" id=\"map_ol3js_1_popup-closer\" class=\"ol-popup-closer\"><\/a>\n\t\t\t\t\t<div id=\"map_ol3js_1_popup-content\" ><\/div>\n\t\t\t\t  <\/div>\n\t\t\t\t<\/div>\n\t\t\t\n\n\t\t\t\t<script type=\"text\/javascript\">\n\t\t\t\t\ttranslations['openlayer'] = \"open layer\";\n\t\t\t\t\ttranslations['openlayerAtStartup'] = \"open layer at startup\";\n\t\t\t\t\ttranslations['generateLink'] = \"link to this map with opened layers\";\n\t\t\t\t\ttranslations['shortDescription'] = \"short description\";\n\t\t\t\t\ttranslations['generatedShortCode'] = \"to get a text control link paste this code in your wordpress editor\";\n\t\t\t\t\ttranslations['closeLayer'] = \"close layer\";\n\t\t\t\t\ttranslations['cantGenerateLink'] = \"put this string in the existing map short code to control this map\";\n\t\t\t  <\/script>\n\n\n\t\t\t  <script type=\"text\/javascript\">\n\t\t\t  vectorM['map_ol3js_1'] = [];\n\t        \n        var raster = getTileLayer(\"osm\",\"NoKey\");\t\t\t\n\n\t\t\t  var map_ol3js_1 = new ol.Map({\n\t\t\t\tinteractions: ol.interaction.defaults.defaults({mouseWheelZoom:false}),\n\t\t\t\tlayers: [raster],\n\t\t\t\ttarget: \"map_ol3js_1\",\n\t\t\t\tview: new ol.View({\n\t\t\t\t  center: ol.proj.transform([-1.144402,46.167165], \"EPSG:4326\", \"EPSG:3857\"),\n\t\t\t\t  zoom: 18\n\t\t\t\t})\n\t\t\t  });\n\t\t\t  osm_addMarkerLayer(map_ol3js_1,-1.1443,46.1673,\"https:\/\/www.tcc-17.com\/wp-content\/plugins\/osm\/icons\/mic_black_infopoint_10.png\",-16,-41,\"<p>Adeline LAYEC \/ TCC-17<\/p>\") ; \naddControls2Map(map_ol3js_1,1,1,3,1,5,6,7,1,1);\nosm_addPopupClickhandler(map_ol3js_1,  \"map_ol3js_1\"); \nosm_addMouseHover(map_ol3js_1); <\/script>\n","protected":false},"excerpt":{"rendered":"<p>TCC17 TCC La Rochelle Mes informations Adresse du cabinet 5 place Jean Zay 17000 La Rochelle E-mail adeline.layec@tcc-17.com T\u00e9l\u00e9phone 06 11 45 98 75 Me contacter Localiser mon cabinet<\/p>\n","protected":false},"author":1,"featured_media":0,"parent":0,"menu_order":0,"comment_status":"closed","ping_status":"open","template":"","meta":{"footnotes":""},"class_list":["post-63","page","type-page","status-publish","hentry"],"yoast_head":"<!-- This site is optimized with the Yoast SEO plugin v25.2 - https:\/\/yoast.com\/wordpress\/plugins\/seo\/ -->\n<title>Contact - Adeline LAYEC TCC17<\/title>\n<meta name=\"description\" content=\"TCC17 - Prendre rendez-vous. Th\u00e9rapie TCC et TCD. Adeline Layec \u00e0 La Rochelle. Prenez contact pour une consultation en th\u00e9rapie cognitive et comportementale (TCC) ou dialectique (TCD). S\u00e9ances en cabinet, \u00e0 domicile ou en t\u00e9l\u00e9consultation. R\u00e9ponse rapide assur\u00e9e\" \/>\n<meta name=\"robots\" content=\"index, follow, max-snippet:-1, max-image-preview:large, max-video-preview:-1\" \/>\n<link rel=\"canonical\" href=\"https:\/\/www.tcc-17.com\/index.php\/contact\/\" \/>\n<meta property=\"og:locale\" content=\"fr_FR\" \/>\n<meta property=\"og:type\" content=\"article\" \/>\n<meta property=\"og:title\" content=\"Contact - Adeline LAYEC TCC17\" \/>\n<meta property=\"og:description\" content=\"TCC17 - Prendre rendez-vous. Th\u00e9rapie TCC et TCD. Adeline Layec \u00e0 La Rochelle. Prenez contact pour une consultation en th\u00e9rapie cognitive et comportementale (TCC) ou dialectique (TCD). S\u00e9ances en cabinet, \u00e0 domicile ou en t\u00e9l\u00e9consultation. R\u00e9ponse rapide assur\u00e9e\" \/>\n<meta property=\"og:url\" content=\"https:\/\/www.tcc-17.com\/index.php\/contact\/\" \/>\n<meta property=\"og:site_name\" content=\"Adeline LAYEC TCC17\" \/>\n<meta property=\"article:modified_time\" content=\"2025-06-30T04:18:09+00:00\" \/>\n<meta property=\"og:image\" content=\"https:\/\/www.tcc-17.com\/wp-content\/uploads\/2025\/05\/Image_contact_v3.webp\" \/>\n\t<meta property=\"og:image:width\" content=\"322\" \/>\n\t<meta property=\"og:image:height\" content=\"189\" \/>\n\t<meta property=\"og:image:type\" content=\"image\/webp\" \/>\n<meta name=\"twitter:card\" content=\"summary_large_image\" \/>\n<meta name=\"twitter:label1\" content=\"Dur\u00e9e de lecture estim\u00e9e\" \/>\n\t<meta name=\"twitter:data1\" content=\"1 minute\" \/>\n<script type=\"application\/ld+json\" class=\"yoast-schema-graph\">{\"@context\":\"https:\/\/schema.org\",\"@graph\":[{\"@type\":\"WebPage\",\"@id\":\"https:\/\/www.tcc-17.com\/index.php\/contact\/\",\"url\":\"https:\/\/www.tcc-17.com\/index.php\/contact\/\",\"name\":\"Contact - Adeline LAYEC TCC17\",\"isPartOf\":{\"@id\":\"https:\/\/www.tcc-17.com\/#website\"},\"primaryImageOfPage\":{\"@id\":\"https:\/\/www.tcc-17.com\/index.php\/contact\/#primaryimage\"},\"image\":{\"@id\":\"https:\/\/www.tcc-17.com\/index.php\/contact\/#primaryimage\"},\"thumbnailUrl\":\"https:\/\/www.tcc-17.com\/wp-content\/uploads\/2025\/05\/Image_contact_v3.webp\",\"datePublished\":\"2025-05-07T14:59:24+00:00\",\"dateModified\":\"2025-06-30T04:18:09+00:00\",\"description\":\"TCC17 - Prendre rendez-vous. Th\u00e9rapie TCC et TCD. Adeline Layec \u00e0 La Rochelle. Prenez contact pour une consultation en th\u00e9rapie cognitive et comportementale (TCC) ou dialectique (TCD). S\u00e9ances en cabinet, \u00e0 domicile ou en t\u00e9l\u00e9consultation. R\u00e9ponse rapide assur\u00e9e\",\"breadcrumb\":{\"@id\":\"https:\/\/www.tcc-17.com\/index.php\/contact\/#breadcrumb\"},\"inLanguage\":\"fr-FR\",\"potentialAction\":[{\"@type\":\"ReadAction\",\"target\":[\"https:\/\/www.tcc-17.com\/index.php\/contact\/\"]}]},{\"@type\":\"ImageObject\",\"inLanguage\":\"fr-FR\",\"@id\":\"https:\/\/www.tcc-17.com\/index.php\/contact\/#primaryimage\",\"url\":\"https:\/\/www.tcc-17.com\/wp-content\/uploads\/2025\/05\/Image_contact_v3.webp\",\"contentUrl\":\"https:\/\/www.tcc-17.com\/wp-content\/uploads\/2025\/05\/Image_contact_v3.webp\",\"width\":322,\"height\":189,\"caption\":\"Une illustration de plusieurs Smartphones en pleine communication, symbolisant une prise de contact simple et accessible\"},{\"@type\":\"BreadcrumbList\",\"@id\":\"https:\/\/www.tcc-17.com\/index.php\/contact\/#breadcrumb\",\"itemListElement\":[{\"@type\":\"ListItem\",\"position\":1,\"name\":\"Accueil\",\"item\":\"https:\/\/www.tcc-17.com\/\"},{\"@type\":\"ListItem\",\"position\":2,\"name\":\"Contact\"}]},{\"@type\":\"WebSite\",\"@id\":\"https:\/\/www.tcc-17.com\/#website\",\"url\":\"https:\/\/www.tcc-17.com\/\",\"name\":\"Adeline LAYEC TCC-17\",\"description\":\"Th\u00e9rapeute TCC et TCD \u00e0 La Rochelle  (Charente Maritime)\",\"publisher\":{\"@id\":\"https:\/\/www.tcc-17.com\/#organization\"},\"alternateName\":\"TCC17\",\"potentialAction\":[{\"@type\":\"SearchAction\",\"target\":{\"@type\":\"EntryPoint\",\"urlTemplate\":\"https:\/\/www.tcc-17.com\/?s={search_term_string}\"},\"query-input\":{\"@type\":\"PropertyValueSpecification\",\"valueRequired\":true,\"valueName\":\"search_term_string\"}}],\"inLanguage\":\"fr-FR\"},{\"@type\":\"Organization\",\"@id\":\"https:\/\/www.tcc-17.com\/#organization\",\"name\":\"Adeline LAYEC\",\"alternateName\":\"TCC17\",\"url\":\"https:\/\/www.tcc-17.com\/\",\"logo\":{\"@type\":\"ImageObject\",\"inLanguage\":\"fr-FR\",\"@id\":\"https:\/\/www.tcc-17.com\/#\/schema\/logo\/image\/\",\"url\":\"https:\/\/www.tcc-17.com\/wp-content\/uploads\/2025\/05\/logo_al_v2_2.png\",\"contentUrl\":\"https:\/\/www.tcc-17.com\/wp-content\/uploads\/2025\/05\/logo_al_v2_2.png\",\"width\":414,\"height\":412,\"caption\":\"Adeline LAYEC\"},\"image\":{\"@id\":\"https:\/\/www.tcc-17.com\/#\/schema\/logo\/image\/\"}}]}<\/script>\n<!-- \/ Yoast SEO plugin. -->","yoast_head_json":{"title":"Contact - Adeline LAYEC TCC17","description":"TCC17 - Prendre rendez-vous. Th\u00e9rapie TCC et TCD. Adeline Layec \u00e0 La Rochelle. Prenez contact pour une consultation en th\u00e9rapie cognitive et comportementale (TCC) ou dialectique (TCD). S\u00e9ances en cabinet, \u00e0 domicile ou en t\u00e9l\u00e9consultation. R\u00e9ponse rapide assur\u00e9e","robots":{"index":"index","follow":"follow","max-snippet":"max-snippet:-1","max-image-preview":"max-image-preview:large","max-video-preview":"max-video-preview:-1"},"canonical":"https:\/\/www.tcc-17.com\/index.php\/contact\/","og_locale":"fr_FR","og_type":"article","og_title":"Contact - Adeline LAYEC TCC17","og_description":"TCC17 - Prendre rendez-vous. Th\u00e9rapie TCC et TCD. Adeline Layec \u00e0 La Rochelle. Prenez contact pour une consultation en th\u00e9rapie cognitive et comportementale (TCC) ou dialectique (TCD). S\u00e9ances en cabinet, \u00e0 domicile ou en t\u00e9l\u00e9consultation. R\u00e9ponse rapide assur\u00e9e","og_url":"https:\/\/www.tcc-17.com\/index.php\/contact\/","og_site_name":"Adeline LAYEC TCC17","article_modified_time":"2025-06-30T04:18:09+00:00","og_image":[{"width":322,"height":189,"url":"https:\/\/www.tcc-17.com\/wp-content\/uploads\/2025\/05\/Image_contact_v3.webp","type":"image\/webp"}],"twitter_card":"summary_large_image","twitter_misc":{"Dur\u00e9e de lecture estim\u00e9e":"1 minute"},"schema":{"@context":"https:\/\/schema.org","@graph":[{"@type":"WebPage","@id":"https:\/\/www.tcc-17.com\/index.php\/contact\/","url":"https:\/\/www.tcc-17.com\/index.php\/contact\/","name":"Contact - Adeline LAYEC TCC17","isPartOf":{"@id":"https:\/\/www.tcc-17.com\/#website"},"primaryImageOfPage":{"@id":"https:\/\/www.tcc-17.com\/index.php\/contact\/#primaryimage"},"image":{"@id":"https:\/\/www.tcc-17.com\/index.php\/contact\/#primaryimage"},"thumbnailUrl":"https:\/\/www.tcc-17.com\/wp-content\/uploads\/2025\/05\/Image_contact_v3.webp","datePublished":"2025-05-07T14:59:24+00:00","dateModified":"2025-06-30T04:18:09+00:00","description":"TCC17 - Prendre rendez-vous. Th\u00e9rapie TCC et TCD. Adeline Layec \u00e0 La Rochelle. Prenez contact pour une consultation en th\u00e9rapie cognitive et comportementale (TCC) ou dialectique (TCD). S\u00e9ances en cabinet, \u00e0 domicile ou en t\u00e9l\u00e9consultation. R\u00e9ponse rapide assur\u00e9e","breadcrumb":{"@id":"https:\/\/www.tcc-17.com\/index.php\/contact\/#breadcrumb"},"inLanguage":"fr-FR","potentialAction":[{"@type":"ReadAction","target":["https:\/\/www.tcc-17.com\/index.php\/contact\/"]}]},{"@type":"ImageObject","inLanguage":"fr-FR","@id":"https:\/\/www.tcc-17.com\/index.php\/contact\/#primaryimage","url":"https:\/\/www.tcc-17.com\/wp-content\/uploads\/2025\/05\/Image_contact_v3.webp","contentUrl":"https:\/\/www.tcc-17.com\/wp-content\/uploads\/2025\/05\/Image_contact_v3.webp","width":322,"height":189,"caption":"Une illustration de plusieurs Smartphones en pleine communication, symbolisant une prise de contact simple et accessible"},{"@type":"BreadcrumbList","@id":"https:\/\/www.tcc-17.com\/index.php\/contact\/#breadcrumb","itemListElement":[{"@type":"ListItem","position":1,"name":"Accueil","item":"https:\/\/www.tcc-17.com\/"},{"@type":"ListItem","position":2,"name":"Contact"}]},{"@type":"WebSite","@id":"https:\/\/www.tcc-17.com\/#website","url":"https:\/\/www.tcc-17.com\/","name":"Adeline LAYEC TCC-17","description":"Th\u00e9rapeute TCC et TCD \u00e0 La Rochelle  (Charente Maritime)","publisher":{"@id":"https:\/\/www.tcc-17.com\/#organization"},"alternateName":"TCC17","potentialAction":[{"@type":"SearchAction","target":{"@type":"EntryPoint","urlTemplate":"https:\/\/www.tcc-17.com\/?s={search_term_string}"},"query-input":{"@type":"PropertyValueSpecification","valueRequired":true,"valueName":"search_term_string"}}],"inLanguage":"fr-FR"},{"@type":"Organization","@id":"https:\/\/www.tcc-17.com\/#organization","name":"Adeline LAYEC","alternateName":"TCC17","url":"https:\/\/www.tcc-17.com\/","logo":{"@type":"ImageObject","inLanguage":"fr-FR","@id":"https:\/\/www.tcc-17.com\/#\/schema\/logo\/image\/","url":"https:\/\/www.tcc-17.com\/wp-content\/uploads\/2025\/05\/logo_al_v2_2.png","contentUrl":"https:\/\/www.tcc-17.com\/wp-content\/uploads\/2025\/05\/logo_al_v2_2.png","width":414,"height":412,"caption":"Adeline LAYEC"},"image":{"@id":"https:\/\/www.tcc-17.com\/#\/schema\/logo\/image\/"}}]}},"_links":{"self":[{"href":"https:\/\/www.tcc-17.com\/index.php\/wp-json\/wp\/v2\/pages\/63","targetHints":{"allow":["GET"]}}],"collection":[{"href":"https:\/\/www.tcc-17.com\/index.php\/wp-json\/wp\/v2\/pages"}],"about":[{"href":"https:\/\/www.tcc-17.com\/index.php\/wp-json\/wp\/v2\/types\/page"}],"author":[{"embeddable":true,"href":"https:\/\/www.tcc-17.com\/index.php\/wp-json\/wp\/v2\/users\/1"}],"replies":[{"embeddable":true,"href":"https:\/\/www.tcc-17.com\/index.php\/wp-json\/wp\/v2\/comments?post=63"}],"version-history":[{"count":66,"href":"https:\/\/www.tcc-17.com\/index.php\/wp-json\/wp\/v2\/pages\/63\/revisions"}],"predecessor-version":[{"id":1025,"href":"https:\/\/www.tcc-17.com\/index.php\/wp-json\/wp\/v2\/pages\/63\/revisions\/1025"}],"wp:attachment":[{"href":"https:\/\/www.tcc-17.com\/index.php\/wp-json\/wp\/v2\/media?parent=63"}],"curies":[{"name":"wp","href":"https:\/\/api.w.org\/{rel}","templated":true}]}}