{"id":873,"date":"2025-05-24T18:38:01","date_gmt":"2025-05-24T16:38:01","guid":{"rendered":"https:\/\/www.tcc-17.com\/index.php\/et-la-tcd\/"},"modified":"2025-06-30T06:19:13","modified_gmt":"2025-06-30T04:19:13","slug":"cgu","status":"publish","type":"page","link":"https:\/\/www.tcc-17.com\/index.php\/cgu\/","title":{"rendered":"Mentions l\u00e9gales et CGU"},"content":{"rendered":"\n<h2 class=\"wp-block-heading\" style=\"font-size:0px\">TCC17<\/h2>\n\n\n\n<h2 class=\"wp-block-heading\" style=\"font-size:0px\">TCC La Rochelle<\/h2>\n\n\n\n<h3 class=\"wp-block-heading has-text-align-center\"><strong>Mentions l\u00e9gales<\/strong><\/h3>\n\n\n\n<div class=\"wp-block-columns alignfull is-layout-flex wp-container-core-columns-is-layout-6376d770 wp-block-columns-is-layout-flex\" style=\"margin-top:0;margin-bottom:0;padding-right:0;padding-left:0\">\n<div class=\"wp-block-column has-global-padding is-content-justification-center is-layout-constrained wp-container-core-column-is-layout-ab7c2b46 wp-block-column-is-layout-constrained\" style=\"padding-top:0;padding-right:0;padding-bottom:0;padding-left:0\">\n<p class=\"has-system-sans-serif-font-family has-x-large-font-size\">Conform\u00e9ment aux dispositions des articles 6-III et 19 de la Loi n\u00b02004-575 du 21 juin 2004 pour la Confiance dans l&rsquo;\u00e9conomie num\u00e9rique, dite L.C.E.N., il est port\u00e9 \u00e0 la connaissance des utilisateurs et visiteurs du site www.tcc-17.com, les pr\u00e9sentes mentions l\u00e9gales.<\/p>\n\n\n\n<p class=\"has-system-sans-serif-font-family has-x-large-font-size\"><strong>1. \u00c9diteur du site<\/strong><br>Nom : Adeline Layec<br>Statut : Auto-entrepreneur<br>Adresse : 5 place Jean Zay 17000 La Rochelle<br>T\u00e9l\u00e9phone : 06.11.45.98.75<br>Email : adeline.layec@tcc-17.com<br>Num\u00e9ro SIRET : 94429876900018<br>Num\u00e9ro ADELI ou RPPS : non applicable<br>Code APE : 8690F<br>TVA intracommunautaire : non applicable.<\/p>\n\n\n\n<p class=\"has-system-sans-serif-font-family has-x-large-font-size\"><strong>2. Responsabilit\u00e9<\/strong> <br>L\u2019\u00e9diteur du site s\u2019efforce de fournir sur le site www.tcc-17.com des informations aussi pr\u00e9cises que possible. Toutefois, il ne pourra \u00eatre tenu responsable des omissions, des inexactitudes ou des carences dans la mise \u00e0 jour.<\/p>\n\n\n\n<p class=\"has-system-sans-serif-font-family has-x-large-font-size\"><strong>3. Propri\u00e9t\u00e9 intellectuelle<\/strong><br>Le site www.tcc-17.com et tous les \u00e9l\u00e9ments qui le composent (textes, images, logos, etc &#8230;) sont prot\u00e9g\u00e9s par le droit de la propri\u00e9t\u00e9 intellectuelle. Toute reproduction ou repr\u00e9sentation partielle ou totale est interdite sans l\u2019autorisation expresse de l\u2019\u00e9diteur.<\/p>\n\n\n\n<p class=\"has-system-sans-serif-font-family has-x-large-font-size\"><strong>4. Donn\u00e9es personnelles<\/strong><br>Les donn\u00e9es personnelles collect\u00e9es via le formulaire de contact ou de commentaire sur blog sont trait\u00e9es conform\u00e9ment au R\u00e8glement G\u00e9n\u00e9ral sur la Protection des Donn\u00e9es (RGPD). L\u2019utilisateur peut demander \u00e0 tout moment la suppression ou la modification de ses donn\u00e9es.<\/p>\n<\/div>\n<\/div>\n\n\n\n<h3 class=\"wp-block-heading has-text-align-center\"><strong>Conditions G\u00e9n\u00e9rales d&rsquo;Utilisation (CGU)<\/strong><\/h3>\n\n\n\n<div class=\"wp-block-columns alignfull is-layout-flex wp-container-core-columns-is-layout-6376d770 wp-block-columns-is-layout-flex\" style=\"margin-top:0;margin-bottom:0;padding-right:0;padding-left:0\">\n<div class=\"wp-block-column has-global-padding is-content-justification-center is-layout-constrained wp-container-core-column-is-layout-ab7c2b46 wp-block-column-is-layout-constrained\" style=\"padding-top:0;padding-right:0;padding-bottom:0;padding-left:0\">\n<p class=\"has-system-sans-serif-font-family has-x-large-font-size\">En acc\u00e9dant au site tcc-17.com, vous acceptez pleinement et enti\u00e8rement les pr\u00e9sentes conditions g\u00e9n\u00e9rales d\u2019utilisation.<\/p>\n\n\n\n<p class=\"has-system-sans-serif-font-family has-x-large-font-size\"><strong>1. Objet<\/strong><br>Les pr\u00e9sentes conditions ont pour objet de d\u00e9finir les modalit\u00e9s d\u2019acc\u00e8s et d\u2019utilisation du site internet www.tcc-17.com, propos\u00e9 par Adeline Layec, th\u00e9rapeute en th\u00e9rapie cognitive et comportementale et en th\u00e9rapie dialectique.<\/p>\n\n\n\n<p class=\"has-system-sans-serif-font-family has-x-large-font-size\"><strong>2. Acc\u00e8s au site<\/strong><br>Le site est accessible gratuitement \u00e0 tout utilisateur disposant d\u2019un acc\u00e8s \u00e0 internet. Tous les frais li\u00e9s \u00e0 l\u2019acc\u00e8s (mat\u00e9riel, logiciels, connexion internet, etc &#8230;) sont \u00e0 la charge de l\u2019utilisateur.<\/p>\n\n\n\n<p class=\"has-system-sans-serif-font-family has-x-large-font-size\"><strong>3. Utilisation du site<\/strong><br>L\u2019utilisateur s\u2019engage \u00e0 utiliser le site de mani\u00e8re conforme aux pr\u00e9sentes CGU et \u00e0 la r\u00e9glementation en vigueur. Il s\u2019interdit notamment toute utilisation \u00e0 des fins commerciales ou publicitaires sans autorisation pr\u00e9alable.<\/p>\n\n\n\n<p class=\"has-system-sans-serif-font-family has-x-large-font-size\"><strong>4. Contenu et responsabilit\u00e9<\/strong><br>Les informations fournies sur ce site sont donn\u00e9es \u00e0 titre indicatif et ne sauraient remplacer une consultation en pr\u00e9sentiel avec un professionnel qualifi\u00e9. L\u2019\u00e9diteur du site ne peut \u00eatre tenu responsable des dommages directs ou indirects li\u00e9s \u00e0 l\u2019utilisation du site.<\/p>\n\n\n\n<p class=\"has-system-sans-serif-font-family has-x-large-font-size\"><strong>5. Liens hypertextes<\/strong><br>Le site peut contenir des liens vers d\u2019autres sites. L\u2019\u00e9diteur ne peut \u00eatre tenu responsable du contenu ou du bon fonctionnement de ces sites tiers.<\/p>\n\n\n\n<p class=\"has-system-sans-serif-font-family has-x-large-font-size\"><strong>6. Propri\u00e9t\u00e9 intellectuelle<\/strong><br>Tous les contenus pr\u00e9sents sur le site sont prot\u00e9g\u00e9s par les lois en vigueur sur la propri\u00e9t\u00e9 intellectuelle. Toute reproduction, totale ou partielle, est interdite sans autorisation.<\/p>\n\n\n\n<p class=\"has-system-sans-serif-font-family has-x-large-font-size\"><strong>7. Modification des CGU<\/strong><br>L\u2019\u00e9diteur se r\u00e9serve le droit de modifier les pr\u00e9sentes CGU \u00e0 tout moment. Les utilisateurs sont invit\u00e9s \u00e0 les consulter r\u00e9guli\u00e8rement.<\/p>\n<\/div>\n<\/div>\n","protected":false},"excerpt":{"rendered":"<p>TCC17 TCC La Rochelle Mentions l\u00e9gales Conform\u00e9ment aux dispositions des articles 6-III et 19 de la Loi n\u00b02004-575 du 21 juin 2004 pour la Confiance dans l&rsquo;\u00e9conomie num\u00e9rique, dite L.C.E.N., il est port\u00e9 \u00e0 la connaissance des utilisateurs et visiteurs du site www.tcc-17.com, les pr\u00e9sentes mentions l\u00e9gales. 1. \u00c9diteur du siteNom : Adeline LayecStatut : [&hellip;]<\/p>\n","protected":false},"author":1,"featured_media":0,"parent":0,"menu_order":0,"comment_status":"closed","ping_status":"closed","template":"","meta":{"footnotes":""},"class_list":["post-873","page","type-page","status-publish","hentry"],"yoast_head":"<!-- This site is optimized with the Yoast SEO plugin v25.2 - https:\/\/yoast.com\/wordpress\/plugins\/seo\/ -->\n<title>Mentions l\u00e9gales et CGU - Adeline LAYEC TCC17<\/title>\n<meta name=\"description\" content=\"TCC17 - Mentions l\u00e9gales et CGU TCC-17. Th\u00e9rapie TCC et TCD\" \/>\n<meta name=\"robots\" content=\"index, follow, max-snippet:-1, max-image-preview:large, max-video-preview:-1\" \/>\n<link rel=\"canonical\" href=\"https:\/\/www.tcc-17.com\/index.php\/cgu\/\" \/>\n<meta property=\"og:locale\" content=\"fr_FR\" \/>\n<meta property=\"og:type\" content=\"article\" \/>\n<meta property=\"og:title\" content=\"Mentions l\u00e9gales et CGU - Adeline LAYEC TCC17\" \/>\n<meta property=\"og:description\" content=\"TCC17 - Mentions l\u00e9gales et CGU TCC-17. Th\u00e9rapie TCC et TCD\" \/>\n<meta property=\"og:url\" content=\"https:\/\/www.tcc-17.com\/index.php\/cgu\/\" \/>\n<meta property=\"og:site_name\" content=\"Adeline LAYEC TCC17\" \/>\n<meta property=\"article:modified_time\" content=\"2025-06-30T04:19:13+00:00\" \/>\n<meta name=\"twitter:card\" content=\"summary_large_image\" \/>\n<meta name=\"twitter:label1\" content=\"Dur\u00e9e de lecture estim\u00e9e\" \/>\n\t<meta name=\"twitter:data1\" content=\"3 minutes\" \/>\n<script type=\"application\/ld+json\" class=\"yoast-schema-graph\">{\"@context\":\"https:\/\/schema.org\",\"@graph\":[{\"@type\":\"WebPage\",\"@id\":\"https:\/\/www.tcc-17.com\/index.php\/cgu\/\",\"url\":\"https:\/\/www.tcc-17.com\/index.php\/cgu\/\",\"name\":\"Mentions l\u00e9gales et CGU - Adeline LAYEC TCC17\",\"isPartOf\":{\"@id\":\"https:\/\/www.tcc-17.com\/#website\"},\"datePublished\":\"2025-05-24T16:38:01+00:00\",\"dateModified\":\"2025-06-30T04:19:13+00:00\",\"description\":\"TCC17 - Mentions l\u00e9gales et CGU TCC-17. Th\u00e9rapie TCC et TCD\",\"breadcrumb\":{\"@id\":\"https:\/\/www.tcc-17.com\/index.php\/cgu\/#breadcrumb\"},\"inLanguage\":\"fr-FR\",\"potentialAction\":[{\"@type\":\"ReadAction\",\"target\":[\"https:\/\/www.tcc-17.com\/index.php\/cgu\/\"]}]},{\"@type\":\"BreadcrumbList\",\"@id\":\"https:\/\/www.tcc-17.com\/index.php\/cgu\/#breadcrumb\",\"itemListElement\":[{\"@type\":\"ListItem\",\"position\":1,\"name\":\"Accueil\",\"item\":\"https:\/\/www.tcc-17.com\/\"},{\"@type\":\"ListItem\",\"position\":2,\"name\":\"Mentions l\u00e9gales et CGU\"}]},{\"@type\":\"WebSite\",\"@id\":\"https:\/\/www.tcc-17.com\/#website\",\"url\":\"https:\/\/www.tcc-17.com\/\",\"name\":\"Adeline LAYEC TCC-17\",\"description\":\"Th\u00e9rapeute TCC et TCD \u00e0 La Rochelle  (Charente Maritime)\",\"publisher\":{\"@id\":\"https:\/\/www.tcc-17.com\/#organization\"},\"alternateName\":\"TCC17\",\"potentialAction\":[{\"@type\":\"SearchAction\",\"target\":{\"@type\":\"EntryPoint\",\"urlTemplate\":\"https:\/\/www.tcc-17.com\/?s={search_term_string}\"},\"query-input\":{\"@type\":\"PropertyValueSpecification\",\"valueRequired\":true,\"valueName\":\"search_term_string\"}}],\"inLanguage\":\"fr-FR\"},{\"@type\":\"Organization\",\"@id\":\"https:\/\/www.tcc-17.com\/#organization\",\"name\":\"Adeline LAYEC\",\"alternateName\":\"TCC17\",\"url\":\"https:\/\/www.tcc-17.com\/\",\"logo\":{\"@type\":\"ImageObject\",\"inLanguage\":\"fr-FR\",\"@id\":\"https:\/\/www.tcc-17.com\/#\/schema\/logo\/image\/\",\"url\":\"https:\/\/www.tcc-17.com\/wp-content\/uploads\/2025\/05\/logo_al_v2_2.png\",\"contentUrl\":\"https:\/\/www.tcc-17.com\/wp-content\/uploads\/2025\/05\/logo_al_v2_2.png\",\"width\":414,\"height\":412,\"caption\":\"Adeline LAYEC\"},\"image\":{\"@id\":\"https:\/\/www.tcc-17.com\/#\/schema\/logo\/image\/\"}}]}<\/script>\n<!-- \/ Yoast SEO plugin. -->","yoast_head_json":{"title":"Mentions l\u00e9gales et CGU - Adeline LAYEC TCC17","description":"TCC17 - Mentions l\u00e9gales et CGU TCC-17. Th\u00e9rapie TCC et TCD","robots":{"index":"index","follow":"follow","max-snippet":"max-snippet:-1","max-image-preview":"max-image-preview:large","max-video-preview":"max-video-preview:-1"},"canonical":"https:\/\/www.tcc-17.com\/index.php\/cgu\/","og_locale":"fr_FR","og_type":"article","og_title":"Mentions l\u00e9gales et CGU - Adeline LAYEC TCC17","og_description":"TCC17 - Mentions l\u00e9gales et CGU TCC-17. Th\u00e9rapie TCC et TCD","og_url":"https:\/\/www.tcc-17.com\/index.php\/cgu\/","og_site_name":"Adeline LAYEC TCC17","article_modified_time":"2025-06-30T04:19:13+00:00","twitter_card":"summary_large_image","twitter_misc":{"Dur\u00e9e de lecture estim\u00e9e":"3 minutes"},"schema":{"@context":"https:\/\/schema.org","@graph":[{"@type":"WebPage","@id":"https:\/\/www.tcc-17.com\/index.php\/cgu\/","url":"https:\/\/www.tcc-17.com\/index.php\/cgu\/","name":"Mentions l\u00e9gales et CGU - Adeline LAYEC TCC17","isPartOf":{"@id":"https:\/\/www.tcc-17.com\/#website"},"datePublished":"2025-05-24T16:38:01+00:00","dateModified":"2025-06-30T04:19:13+00:00","description":"TCC17 - Mentions l\u00e9gales et CGU TCC-17. Th\u00e9rapie TCC et TCD","breadcrumb":{"@id":"https:\/\/www.tcc-17.com\/index.php\/cgu\/#breadcrumb"},"inLanguage":"fr-FR","potentialAction":[{"@type":"ReadAction","target":["https:\/\/www.tcc-17.com\/index.php\/cgu\/"]}]},{"@type":"BreadcrumbList","@id":"https:\/\/www.tcc-17.com\/index.php\/cgu\/#breadcrumb","itemListElement":[{"@type":"ListItem","position":1,"name":"Accueil","item":"https:\/\/www.tcc-17.com\/"},{"@type":"ListItem","position":2,"name":"Mentions l\u00e9gales et CGU"}]},{"@type":"WebSite","@id":"https:\/\/www.tcc-17.com\/#website","url":"https:\/\/www.tcc-17.com\/","name":"Adeline LAYEC TCC-17","description":"Th\u00e9rapeute TCC et TCD \u00e0 La Rochelle  (Charente Maritime)","publisher":{"@id":"https:\/\/www.tcc-17.com\/#organization"},"alternateName":"TCC17","potentialAction":[{"@type":"SearchAction","target":{"@type":"EntryPoint","urlTemplate":"https:\/\/www.tcc-17.com\/?s={search_term_string}"},"query-input":{"@type":"PropertyValueSpecification","valueRequired":true,"valueName":"search_term_string"}}],"inLanguage":"fr-FR"},{"@type":"Organization","@id":"https:\/\/www.tcc-17.com\/#organization","name":"Adeline LAYEC","alternateName":"TCC17","url":"https:\/\/www.tcc-17.com\/","logo":{"@type":"ImageObject","inLanguage":"fr-FR","@id":"https:\/\/www.tcc-17.com\/#\/schema\/logo\/image\/","url":"https:\/\/www.tcc-17.com\/wp-content\/uploads\/2025\/05\/logo_al_v2_2.png","contentUrl":"https:\/\/www.tcc-17.com\/wp-content\/uploads\/2025\/05\/logo_al_v2_2.png","width":414,"height":412,"caption":"Adeline LAYEC"},"image":{"@id":"https:\/\/www.tcc-17.com\/#\/schema\/logo\/image\/"}}]}},"_links":{"self":[{"href":"https:\/\/www.tcc-17.com\/index.php\/wp-json\/wp\/v2\/pages\/873","targetHints":{"allow":["GET"]}}],"collection":[{"href":"https:\/\/www.tcc-17.com\/index.php\/wp-json\/wp\/v2\/pages"}],"about":[{"href":"https:\/\/www.tcc-17.com\/index.php\/wp-json\/wp\/v2\/types\/page"}],"author":[{"embeddable":true,"href":"https:\/\/www.tcc-17.com\/index.php\/wp-json\/wp\/v2\/users\/1"}],"replies":[{"embeddable":true,"href":"https:\/\/www.tcc-17.com\/index.php\/wp-json\/wp\/v2\/comments?post=873"}],"version-history":[{"count":11,"href":"https:\/\/www.tcc-17.com\/index.php\/wp-json\/wp\/v2\/pages\/873\/revisions"}],"predecessor-version":[{"id":1027,"href":"https:\/\/www.tcc-17.com\/index.php\/wp-json\/wp\/v2\/pages\/873\/revisions\/1027"}],"wp:attachment":[{"href":"https:\/\/www.tcc-17.com\/index.php\/wp-json\/wp\/v2\/media?parent=873"}],"curies":[{"name":"wp","href":"https:\/\/api.w.org\/{rel}","templated":true}]}}